
{"id":807,"date":"2025-03-27T13:42:02","date_gmt":"2025-03-27T13:42:02","guid":{"rendered":"https:\/\/www.veggiecus.de\/ihr-rezept-fuer-pflanzenbasierten-erfolg\/"},"modified":"2026-02-18T07:18:44","modified_gmt":"2026-02-18T07:18:44","slug":"ihr-rezept-fuer-pflanzenbasierten-erfolg","status":"publish","type":"page","link":"https:\/\/www.veggiecus.de\/fr\/","title":{"rendered":"VEGGIECUS"},"content":{"rendered":"<div class=\"wpb-content-wrapper\">[vc_row thb_full_width=\u00a0\u00bbtrue\u00a0\u00bb css=\u00a0\u00bb.vc_custom_1771245099333{background-color: #76B82A !important;}\u00a0\u00bb thb_video_bg=\u00a0\u00bbhttps:\/\/www.veggiecus.de\/wp-content\/uploads\/2026\/02\/Komp-1.mp4&Prime; el_class=\u00a0\u00bbvideo-banner\u00a0\u00bb][vc_column el_class=\u00a0\u00bbvideo-banner-left\u00a0\u00bb][\/vc_column][\/vc_row][vc_row][vc_column][vc_empty_space height=\u00a0\u00bb50px\u00a0\u00bb][\/vc_column][\/vc_row][vc_section css=\u00a0\u00bb.vc_custom_1761741883929{background-position: center !important;background-repeat: no-repeat !important;background-size: contain !important;}\u00a0\u00bb el_class=\u00a0\u00bbranke-background\u00a0\u00bb][vc_row][vc_column offset=\u00a0\u00bbvc_hidden-sm vc_hidden-xs\u00a0\u00bb][vc_empty_space height=\u00a0\u00bb100px\u00a0\u00bb][\/vc_column][\/vc_row][vc_row][vc_column width=\u00a0\u00bb1\/2&Prime; css=\u00a0\u00bb.vc_custom_1758192235545{padding-right: 2% !important;}\u00a0\u00bb][vc_column_text css=\u00a0\u00bb\u00a0\u00bb]\n<h2 style=\"text-align: right;\"><span style=\"color: #005800;\">Le v\u00e9g\u00e9tal simplifi\u00e9<\/span><\/h2>\n[\/vc_column_text][\/vc_column][vc_column width=\u00a0\u00bb1\/2&Prime;][vc_column_text css=\u00a0\u00bb\u00a0\u00bb]Veggiecus est la recette simple du succ\u00e8s pour votre entreprise avec des produits \u00e0 base v\u00e9g\u00e9tale et des m\u00e9langes secs. Chez nous, vous trouverez les solutions adapt\u00e9es \u00e0 votre marque. Nos m\u00e9langes secs et nos produits finis s&rsquo;int\u00e8grent facilement dans vos processus et sont simples \u00e0 pr\u00e9parer. Pour une r\u00e9ussite particuli\u00e8rement facile et un go\u00fbt vraiment d\u00e9licieux. C&rsquo;est aussi simple que cela.[\/vc_column_text][\/vc_column][\/vc_row][vc_row thb_full_width=\u00a0\u00bbtrue\u00a0\u00bb thb_row_padding=\u00a0\u00bbtrue\u00a0\u00bb][vc_column offset=\u00a0\u00bbvc_hidden-sm vc_hidden-xs\u00a0\u00bb][vc_empty_space height=\u00a0\u00bb150px\u00a0\u00bb][vc_empty_space height=\u00a0\u00bb150px\u00a0\u00bb][\/vc_column][\/vc_row][vc_row thb_full_width=\u00a0\u00bbtrue\u00a0\u00bb thb_row_padding=\u00a0\u00bbtrue\u00a0\u00bb][vc_column offset=\u00a0\u00bbvc_hidden-lg vc_hidden-md\u00a0\u00bb][vc_empty_space height=\u00a0\u00bb50px\u00a0\u00bb][vc_empty_space height=\u00a0\u00bb100px\u00a0\u00bb][\/vc_column][\/vc_row][vc_row][vc_column width=\u00a0\u00bb1\/2&Prime; css=\u00a0\u00bb.vc_custom_1761739565331{padding-right: 7% !important;padding-left: 7% !important;background-color: #F3F3F0 !important;border-radius: 15px !important;}\u00a0\u00bb el_class=\u00a0\u00bbzweiwege-spalte\u00a0\u00bb][vc_column_text css=\u00a0\u00bb.vc_custom_1770119660301{padding-top: 35px !important;padding-bottom: 35px !important;}\u00a0\u00bb]Nos m\u00e9langes secs :<\/p>\n<h2 style=\"color: #48a300; text-align: left;\">Simples. Pr\u00eats \u00e0 l&#8217;emploi.<\/h2>\n[\/vc_column_text][vc_row_inner css=\u00a0\u00bb.vc_custom_1744030287280{padding-bottom: 30px !important;}\u00a0\u00bb][vc_column_inner]\t<div id=\"thb-image-69d42ff0cff04\" class=\"caption-style1  alignleft   thb_image_link wp-caption \">\r\n\t  \t\t\t<div class=\"thb-image-inner size_100\">\r\n\t\t\t\t<img loading=\"lazy\" decoding=\"async\" width=\"1500\" height=\"1000\" src=\"https:\/\/www.veggiecus.de\/wp-content\/uploads\/2025\/09\/trockenprodukte.png\" class=\"thb_image   attachment-full\" alt=\"Vegiecus pflanzliche Trockenmischungen\" title=\"trockenprodukte\" srcset=\"https:\/\/www.veggiecus.de\/wp-content\/uploads\/2025\/09\/trockenprodukte.png 1500w, https:\/\/www.veggiecus.de\/wp-content\/uploads\/2025\/09\/trockenprodukte-300x200.png 300w, https:\/\/www.veggiecus.de\/wp-content\/uploads\/2025\/09\/trockenprodukte-1024x683.png 1024w, https:\/\/www.veggiecus.de\/wp-content\/uploads\/2025\/09\/trockenprodukte-768x512.png 768w, https:\/\/www.veggiecus.de\/wp-content\/uploads\/2025\/09\/trockenprodukte-150x100.png 150w, https:\/\/www.veggiecus.de\/wp-content\/uploads\/2025\/09\/trockenprodukte-600x400.png 600w, https:\/\/www.veggiecus.de\/wp-content\/uploads\/2025\/09\/trockenprodukte-900x600.png 900w, https:\/\/www.veggiecus.de\/wp-content\/uploads\/2025\/09\/trockenprodukte-20x13.png 20w\" sizes=\"auto, (max-width: 1500px) 100vw, 1500px\" \/>\t\t\t\t\t\t\t<\/div>\r\n\t\t\t\t\t\t\t\t\t<\/div>\r\n\t[\/vc_column_inner][\/vc_row_inner][vc_empty_space height=\u00a0\u00bb10px\u00a0\u00bb][vc_column_text css=\u00a0\u00bb.vc_custom_1770119727760{margin-bottom: 50px !important;}\u00a0\u00bb]\n<table>\n<tbody>\n<tr>\n<td><img decoding=\"async\" src=\"\/wp-content\/uploads\/2025\/04\/icon-checkbox.png\" alt=\"icon Checkbox\" \/><\/td>\n<td>M\u00e9langes de base rapidement disponibles<\/td>\n<\/tr>\n<tr>\n<td><img decoding=\"async\" src=\"\/wp-content\/uploads\/2025\/04\/icon-flexibel.png\" alt=\"icon flexibel\" \/><\/td>\n<td>Id\u00e9al pour des id\u00e9es de produits vari\u00e9es<\/td>\n<\/tr>\n<tr>\n<td><img decoding=\"async\" src=\"\/wp-content\/uploads\/2025\/04\/icon-maschinentauglich.png\" alt=\"icon maschinentauglich\" \/><\/td>\n<td>Adapt\u00e9 aux machines<\/td>\n<\/tr>\n<tr>\n<td><img decoding=\"async\" src=\"\/wp-content\/uploads\/2025\/04\/icon-individuell.png\" alt=\"icon Individuell\" \/><\/td>\n<td>Personnalisable<\/td>\n<\/tr>\n<\/tbody>\n<\/table>\n[\/vc_column_text][vc_btn title=\u00a0\u00bbVers les m\u00e9langes secs\u00a0\u00bb align=\u00a0\u00bbcenter\u00a0\u00bb css=\u00a0\u00bb.vc_custom_1770971110747{margin-top: 20px !important;margin-bottom: 50px !important;}\u00a0\u00bb link=\u00a0\u00bburl:https%3A%2F%2Fwww.veggiecus.de%2Ffr%2Fmelanges-secs%2F|title:Trockenmischungen\u00a0\u00bb][\/vc_column][vc_column width=\u00a0\u00bb1\/2&Prime; css=\u00a0\u00bb.vc_custom_1761739570762{padding-right: 7% !important;padding-left: 7% !important;background-color: #F3F3F0 !important;border-radius: 15px !important;}\u00a0\u00bb el_class=\u00a0\u00bbzweiwege-spalte\u00a0\u00bb][vc_column_text css=\u00a0\u00bb.vc_custom_1770119675794{padding-top: 35px !important;padding-bottom: 35px !important;}\u00a0\u00bb]\n<p style=\"text-align: left;\">Nos produits finis :<\/p>\n<h2 style=\"color: #48a300; text-align: left;\">Simples. Pr\u00eats \u00e0 servir.<\/h2>\n[\/vc_column_text][vc_row_inner css=\u00a0\u00bb.vc_custom_1744030287280{padding-bottom: 30px !important;}\u00a0\u00bb][vc_column_inner]\t<div id=\"thb-image-69d42ff0d0738\" class=\"caption-style1  alignleft   thb_image_link wp-caption \">\r\n\t  \t\t\t<div class=\"thb-image-inner size_100\">\r\n\t\t\t\t<img loading=\"lazy\" decoding=\"async\" width=\"1500\" height=\"1000\" src=\"https:\/\/www.veggiecus.de\/wp-content\/uploads\/2025\/09\/fertigprodukte.png\" class=\"thb_image   attachment-full\" alt=\"Veggiecus Fertigprodukte TK: Pflitzel\" title=\"fertigprodukte\" srcset=\"https:\/\/www.veggiecus.de\/wp-content\/uploads\/2025\/09\/fertigprodukte.png 1500w, https:\/\/www.veggiecus.de\/wp-content\/uploads\/2025\/09\/fertigprodukte-300x200.png 300w, https:\/\/www.veggiecus.de\/wp-content\/uploads\/2025\/09\/fertigprodukte-1024x683.png 1024w, https:\/\/www.veggiecus.de\/wp-content\/uploads\/2025\/09\/fertigprodukte-768x512.png 768w, https:\/\/www.veggiecus.de\/wp-content\/uploads\/2025\/09\/fertigprodukte-150x100.png 150w, https:\/\/www.veggiecus.de\/wp-content\/uploads\/2025\/09\/fertigprodukte-600x400.png 600w, https:\/\/www.veggiecus.de\/wp-content\/uploads\/2025\/09\/fertigprodukte-900x600.png 900w, https:\/\/www.veggiecus.de\/wp-content\/uploads\/2025\/09\/fertigprodukte-20x13.png 20w\" sizes=\"auto, (max-width: 1500px) 100vw, 1500px\" \/>\t\t\t\t\t\t\t<\/div>\r\n\t\t\t\t\t\t\t\t\t<\/div>\r\n\t[\/vc_column_inner][\/vc_row_inner][vc_empty_space height=\u00a0\u00bb10px\u00a0\u00bb][vc_column_text css=\u00a0\u00bb.vc_custom_1770119778145{margin-bottom: 50px !important;}\u00a0\u00bb]\n<table>\n<tbody>\n<tr>\n<td><img decoding=\"async\" src=\"\/wp-content\/uploads\/2025\/10\/icon-uhr.png\" alt=\"icon schnell\" \/><\/td>\n<td>Pr\u00eat \u00e0 l&#8217;emploi sans m\u00e9lange pr\u00e9alable<\/td>\n<\/tr>\n<tr>\n<td><img decoding=\"async\" src=\"\/wp-content\/uploads\/2025\/04\/icon-frozen.png\" alt=\"icon frozen\" \/><\/td>\n<td>Surgel\u00e9<\/td>\n<\/tr>\n<tr>\n<td><img decoding=\"async\" src=\"\/wp-content\/uploads\/2025\/10\/icon-teller.png\" alt=\"icon teller\" \/><\/td>\n<td>Dans l&rsquo;assiette en quelques minutes<\/td>\n<\/tr>\n<tr>\n<td><img decoding=\"async\" src=\"\/wp-content\/uploads\/2025\/10\/icon-label.png\" alt=\"icon label\" \/><\/td>\n<td>En marque blanche ou marque priv\u00e9e<\/td>\n<\/tr>\n<\/tbody>\n<\/table>\n[\/vc_column_text][vc_btn title=\u00a0\u00bbVers les produits finis\u00a0\u00bb align=\u00a0\u00bbcenter\u00a0\u00bb css=\u00a0\u00bb.vc_custom_1770971120346{margin-top: 20px !important;margin-bottom: 50px !important;}\u00a0\u00bb link=\u00a0\u00bburl:https%3A%2F%2Fwww.veggiecus.de%2Ffr%2Fproduits-finis%2F|title:Fertigprodukte\u00a0\u00bb][\/vc_column][\/vc_row][vc_row][vc_column][vc_empty_space height=\u00a0\u00bb140px\u00a0\u00bb][\/vc_column][\/vc_row][\/vc_section][vc_section css=\u00a0\u00bb.vc_custom_1759224323124{padding-top: 100px !important;padding-bottom: 100px !important;background: #005800 url(https:\/\/www.veggiecus.de\/wp-content\/uploads\/2025\/09\/greenarea-background-2-scaled.png?id=587) !important;background-position: center !important;background-repeat: no-repeat !important;background-size: cover !important;}\u00a0\u00bb el_class=\u00a0\u00bbgreen-area\u00a0\u00bb][vc_row][vc_column][vc_column_text css=\u00a0\u00bb\u00a0\u00bb]\n<h2>R\u00e9ussit toujours en un tour de main.<\/h2>\n[\/vc_column_text][\/vc_column][\/vc_row][vc_row][vc_column width=\u00a0\u00bb1\/2&Prime; thb_video_bg=\u00a0\u00bbhttps:\/\/www.veggiecus.de\/wp-content\/uploads\/2025\/10\/Anruhrvideo-VEGGIECUS-Red-kurz.mp4&Prime; css=\u00a0\u00bb.vc_custom_1762515432915{margin-right: 15% !important;margin-left: 15% !important;}\u00a0\u00bb offset=\u00a0\u00bbvc_hidden-sm vc_hidden-xs\u00a0\u00bb el_id=\u00a0\u00bbabstand\u00a0\u00bb][vc_empty_space][\/vc_column][vc_column width=\u00a0\u00bb1\/2&Prime; css=\u00a0\u00bb.vc_custom_1760529392422{padding-left: 15% !important;}\u00a0\u00bb offset=\u00a0\u00bbvc_hidden-sm vc_hidden-xs\u00a0\u00bb]\t<div id=\"thb-image-69d42ff0d0e92\" class=\"caption-style1  alignleft   thb_image_link wp-caption \">\r\n\t  \t\t\t<div class=\"thb-image-inner size_100\">\r\n\t\t\t\t<img loading=\"lazy\" decoding=\"async\" width=\"1289\" height=\"500\" src=\"https:\/\/www.veggiecus.de\/wp-content\/uploads\/2026\/02\/lettheshow-blank.png\" class=\"thb_image   attachment-full\" alt=\"\" title=\"lettheshow-blank\" srcset=\"https:\/\/www.veggiecus.de\/wp-content\/uploads\/2026\/02\/lettheshow-blank.png 1289w, https:\/\/www.veggiecus.de\/wp-content\/uploads\/2026\/02\/lettheshow-blank-300x116.png 300w, https:\/\/www.veggiecus.de\/wp-content\/uploads\/2026\/02\/lettheshow-blank-1024x397.png 1024w, https:\/\/www.veggiecus.de\/wp-content\/uploads\/2026\/02\/lettheshow-blank-768x298.png 768w, https:\/\/www.veggiecus.de\/wp-content\/uploads\/2026\/02\/lettheshow-blank-150x58.png 150w, https:\/\/www.veggiecus.de\/wp-content\/uploads\/2026\/02\/lettheshow-blank-600x233.png 600w, https:\/\/www.veggiecus.de\/wp-content\/uploads\/2026\/02\/lettheshow-blank-900x349.png 900w, https:\/\/www.veggiecus.de\/wp-content\/uploads\/2026\/02\/lettheshow-blank-20x9.png 20w\" sizes=\"auto, (max-width: 1289px) 100vw, 1289px\" \/>\t\t\t\t\t\t\t<\/div>\r\n\t\t\t\t\t\t\t\t\t<\/div>\r\n\t[vc_column_text css=\u00a0\u00bb.vc_custom_1770119801830{margin-top: 20px !important;}\u00a0\u00bb]Le v\u00e9g\u00e9tal, c&rsquo;est tellement simple ! D\u00e9couvrez par vous-m\u00eame \u00e0 quel point nos produits s&rsquo;int\u00e8grent et s&rsquo;utilisent facilement dans vos processus, de la transformation de nos compos\u00e9s \u00e0 la pr\u00e9paration des produits finis.[\/vc_column_text][\/vc_column][\/vc_row][vc_row][vc_column width=\u00a0\u00bb1\/2&Prime; thb_video_bg=\u00a0\u00bbhttps:\/\/www.veggiecus.de\/wp-content\/uploads\/2025\/09\/Anruhrvideo-VEGGIECUS-Red-kurz-ExportMPEG-4.mp4&Prime; offset=\u00a0\u00bbvc_hidden-lg vc_hidden-md\u00a0\u00bb css=\u00a0\u00bb.vc_custom_1761830999733{margin-right: 0% !important;margin-left: 0% !important;padding-top: 55% !important;}\u00a0\u00bb][vc_empty_space][\/vc_column][vc_column width=\u00a0\u00bb1\/2&Prime; offset=\u00a0\u00bbvc_hidden-lg vc_hidden-md\u00a0\u00bb][vc_column_text css=\u00a0\u00bb.vc_custom_1770119808918{margin-top: 20px !important;margin-left: 0px !important;padding-left: 0px !important;}\u00a0\u00bb]\n<p style=\"text-align: left;\">Le v\u00e9g\u00e9tal, c&rsquo;est tellement simple ! D\u00e9couvrez par vous-m\u00eame \u00e0 quel point nos produits s&rsquo;int\u00e8grent et s&rsquo;utilisent facilement dans vos processus, de la transformation de nos compos\u00e9s \u00e0 la pr\u00e9paration des produits finis.<\/p>\n[\/vc_column_text][\/vc_column][\/vc_row][\/vc_section][vc_section css=\u00a0\u00bb.vc_custom_1759139075674{padding-top: 100px !important;padding-bottom: 100px !important;background-position: center !important;background-repeat: no-repeat !important;background-size: cover !important;}\u00a0\u00bb][vc_row][vc_column][vc_empty_space height=\u00a0\u00bb50px\u00a0\u00bb][\/vc_column][\/vc_row][vc_row][vc_column offset=\u00a0\u00bbvc_hidden-sm vc_hidden-xs\u00a0\u00bb][vc_empty_space height=\u00a0\u00bb100px\u00a0\u00bb][\/vc_column][\/vc_row][vc_row][vc_column width=\u00a0\u00bb1\/2&Prime; css=\u00a0\u00bb.vc_custom_1758192235545{padding-right: 2% !important;}\u00a0\u00bb][vc_column_text css=\u00a0\u00bb\u00a0\u00bb]\n<h2 style=\"text-align: right;\"><span style=\"color: #005800;\">Simple. Polyvalent.<\/span><\/h2>\n[\/vc_column_text][\/vc_column][vc_column width=\u00a0\u00bb1\/2&Prime;][vc_column_text css=\u00a0\u00bb\u00a0\u00bb]Nos produits Veggiecus constituent la base d&rsquo;une multitude d&rsquo;applications \u00e0 base v\u00e9g\u00e9tale. Que ce soit pour l&rsquo;industrie, le commerce ou la restauration : d\u00e9couvrez toutes les possibilit\u00e9s.[\/vc_column_text][\/vc_column][\/vc_row][vc_row][vc_column][vc_empty_space height=\u00a0\u00bb40px\u00a0\u00bb][\/vc_column][\/vc_row][vc_row thb_full_width=\u00a0\u00bbtrue\u00a0\u00bb thb_row_padding=\u00a0\u00bbtrue\u00a0\u00bb][vc_column][\/vc_column][\/vc_row][\/vc_section][vc_section css=\u00a0\u00bb.vc_custom_1760688164986{padding-top: 150px !important;padding-bottom: 150px !important;background-color: #E6E6E6 !important;}\u00a0\u00bb][vc_row][vc_column width=\u00a0\u00bb1\/2&Prime; css=\u00a0\u00bb.vc_custom_1761831062479{padding-right: 2% !important;}\u00a0\u00bb][vc_column_text css=\u00a0\u00bb\u00a0\u00bb]\n<h2 style=\"text-align: right;\"><span style=\"color: #005800;\">Simple. Efficace.<\/span><\/h2>\n[\/vc_column_text][\/vc_column][vc_column width=\u00a0\u00bb1\/2&Prime;][vc_column_text css=\u00a0\u00bb\u00a0\u00bb]Personne n&rsquo;est mieux plac\u00e9 que nos clients satisfaits pour expliquer pourquoi Veggiecus est la recette simple du succ\u00e8s pour votre entreprise proposant des produits \u00e0 base v\u00e9g\u00e9tale. Jetez-y un \u0153il, vous y trouverez peut-\u00eatre votre bonheur.[\/vc_column_text][\/vc_column][\/vc_row][vc_row][vc_column][vc_empty_space height=\u00a0\u00bb40px\u00a0\u00bb][\/vc_column][\/vc_row][vc_row][vc_column][\/vc_column][\/vc_row][\/vc_section][vc_section][vc_row][vc_column css=\u00a0\u00bb.vc_custom_1758192235545{padding-right: 2% !important;}\u00a0\u00bb][vc_column_text css=\u00a0\u00bb\u00a0\u00bb]\n<h2 style=\"text-align: center;\">Nos partenaires<\/h2>\n[\/vc_column_text][\/vc_column][\/vc_row][vc_row][vc_column][\/vc_column][\/vc_row][vc_row][vc_column][vc_empty_space height=\u00a0\u00bb160px\u00a0\u00bb][\/vc_column][\/vc_row][\/vc_section]\n<\/div>","protected":false},"excerpt":{"rendered":"<p>[vc_row thb_full_width=\u00a0\u00bbtrue\u00a0\u00bb css=\u00a0\u00bb.vc_custom_1771245099333{background-color: #76B82A !important;}\u00a0\u00bb thb_video_bg=\u00a0\u00bbhttps:\/\/www.veggiecus.de\/wp-content\/uploads\/2026\/02\/Komp-1.mp4&Prime; el_class=\u00a0\u00bbvideo-banner\u00a0\u00bb][vc_column el_class=\u00a0\u00bbvideo-banner-left\u00a0\u00bb][\/vc_column][\/vc_row][vc_row][vc_column][vc_empty_space height=\u00a0\u00bb50px\u00a0\u00bb][\/vc_column][\/vc_row][vc_section css=\u00a0\u00bb.vc_custom_1761741883929{background-position: center !important;background-repeat: no-repeat !important;background-size: contain !important;}\u00a0\u00bb el_class=\u00a0\u00bbranke-background\u00a0\u00bb][vc_row][vc_column offset=\u00a0\u00bbvc_hidden-sm vc_hidden-xs\u00a0\u00bb][vc_empty_space height=\u00a0\u00bb100px\u00a0\u00bb][\/vc_column][\/vc_row][vc_row][vc_column width=\u00a0\u00bb1\/2&Prime; css=\u00a0\u00bb.vc_custom_1758192235545{padding-right: 2% !important;}\u00a0\u00bb][vc_column_text css=\u00a0\u00bb\u00a0\u00bb] Le v\u00e9g\u00e9tal simplifi\u00e9 [\/vc_column_text][\/vc_column][vc_column width=\u00a0\u00bb1\/2&Prime;][vc_column_text css=\u00a0\u00bb\u00a0\u00bb]Veggiecus est la recette simple du succ\u00e8s pour votre entreprise avec des produits \u00e0 base v\u00e9g\u00e9tale et des m\u00e9langes secs. Chez nous, vous trouverez les&hellip;<\/p>\n","protected":false},"author":1,"featured_media":0,"parent":0,"menu_order":0,"comment_status":"closed","ping_status":"open","template":"","meta":{"footnotes":""},"class_list":["post-807","page","type-page","status-publish","hentry"],"yoast_head":"<!-- This site is optimized with the Yoast SEO plugin v27.2 - https:\/\/yoast.com\/product\/yoast-seo-wordpress\/ -->\n<title>Pflanzenbasierte Produkte &amp; Trockenmischungen f\u00fcr Ihre Marke - VEGGIECUS<\/title>\n<meta name=\"description\" content=\"Veggiecus bietet einfache und effektive L\u00f6sungen f\u00fcr pflanzenbasierte Produkte &amp; Trockenmischungen in Ihrem Business. Erfahren Sie mehr.\" \/>\n<meta name=\"robots\" content=\"index, follow, max-snippet:-1, max-image-preview:large, max-video-preview:-1\" \/>\n<link rel=\"canonical\" href=\"https:\/\/www.veggiecus.de\/fr\/\" \/>\n<meta property=\"og:locale\" content=\"fr_FR\" \/>\n<meta property=\"og:type\" content=\"article\" \/>\n<meta property=\"og:title\" content=\"Veggiecus - Plant Based Made Easy f\u00fcr Ihre Marke\" \/>\n<meta property=\"og:description\" content=\"Entdecken Sie Veggiecus - Plant Based Made Easy f\u00fcr Ihr pflanzenbasiertes Business und finden Sie die besten L\u00f6sungen.\" \/>\n<meta property=\"og:url\" content=\"https:\/\/www.veggiecus.de\/fr\/\" \/>\n<meta property=\"og:site_name\" content=\"VEGGIECUS\" \/>\n<meta property=\"article:modified_time\" content=\"2026-02-18T07:18:44+00:00\" \/>\n<meta property=\"og:image\" content=\"https:\/\/www.veggiecus.de\/wp-content\/uploads\/2025\/03\/veggiecus-logo-mitrand-2.png\" \/>\n\t<meta property=\"og:image:width\" content=\"751\" \/>\n\t<meta property=\"og:image:height\" content=\"403\" \/>\n\t<meta property=\"og:image:type\" content=\"image\/png\" \/>\n<meta name=\"twitter:card\" content=\"summary_large_image\" \/>\n<meta name=\"twitter:label1\" content=\"Dur\u00e9e de lecture estim\u00e9e\" \/>\n\t<meta name=\"twitter:data1\" content=\"5 minutes\" \/>\n<script type=\"application\/ld+json\" class=\"yoast-schema-graph\">{\"@context\":\"https:\/\/schema.org\",\"@graph\":[{\"@type\":\"WebPage\",\"@id\":\"https:\/\/www.veggiecus.de\/fr\/\",\"url\":\"https:\/\/www.veggiecus.de\/fr\/\",\"name\":\"Pflanzenbasierte Produkte & Trockenmischungen f\u00fcr Ihre Marke - VEGGIECUS\",\"isPartOf\":{\"@id\":\"https:\/\/www.veggiecus.de\/fr\/#website\"},\"datePublished\":\"2025-03-27T13:42:02+00:00\",\"dateModified\":\"2026-02-18T07:18:44+00:00\",\"description\":\"Veggiecus bietet einfache und effektive L\u00f6sungen f\u00fcr pflanzenbasierte Produkte & Trockenmischungen in Ihrem Business. Erfahren Sie mehr.\",\"breadcrumb\":{\"@id\":\"https:\/\/www.veggiecus.de\/fr\/#breadcrumb\"},\"inLanguage\":\"fr-FR\",\"potentialAction\":[{\"@type\":\"ReadAction\",\"target\":[\"https:\/\/www.veggiecus.de\/fr\/\"]}]},{\"@type\":\"BreadcrumbList\",\"@id\":\"https:\/\/www.veggiecus.de\/fr\/#breadcrumb\",\"itemListElement\":[{\"@type\":\"ListItem\",\"position\":1,\"name\":\"Startseite\",\"item\":\"https:\/\/www.veggiecus.de\/fr\/\"},{\"@type\":\"ListItem\",\"position\":2,\"name\":\"VEGGIECUS\"}]},{\"@type\":\"WebSite\",\"@id\":\"https:\/\/www.veggiecus.de\/fr\/#website\",\"url\":\"https:\/\/www.veggiecus.de\/fr\/\",\"name\":\"VEGGIECUS - Plant Based Made Easy\",\"description\":\"Plant Based Made Easy\",\"publisher\":{\"@id\":\"https:\/\/www.veggiecus.de\/fr\/#organization\"},\"potentialAction\":[{\"@type\":\"SearchAction\",\"target\":{\"@type\":\"EntryPoint\",\"urlTemplate\":\"https:\/\/www.veggiecus.de\/fr\/?s={search_term_string}\"},\"query-input\":{\"@type\":\"PropertyValueSpecification\",\"valueRequired\":true,\"valueName\":\"search_term_string\"}}],\"inLanguage\":\"fr-FR\"},{\"@type\":\"Organization\",\"@id\":\"https:\/\/www.veggiecus.de\/fr\/#organization\",\"name\":\"VEGGIECUS by Koordination Krafticus GmbH\",\"url\":\"https:\/\/www.veggiecus.de\/fr\/\",\"logo\":{\"@type\":\"ImageObject\",\"inLanguage\":\"fr-FR\",\"@id\":\"https:\/\/www.veggiecus.de\/fr\/#\/schema\/logo\/image\/\",\"url\":\"https:\/\/www.veggiecus.de\/wp-content\/uploads\/2025\/03\/veggiecus-logo-mitrand-2.png\",\"contentUrl\":\"https:\/\/www.veggiecus.de\/wp-content\/uploads\/2025\/03\/veggiecus-logo-mitrand-2.png\",\"width\":751,\"height\":403,\"caption\":\"VEGGIECUS by Koordination Krafticus GmbH\"},\"image\":{\"@id\":\"https:\/\/www.veggiecus.de\/fr\/#\/schema\/logo\/image\/\"},\"sameAs\":[\"https:\/\/www.linkedin.com\/company\/veggiecus\/\",\"https:\/\/www.youtube.com\/@veggiecus325\"]}]}<\/script>\n<!-- \/ Yoast SEO plugin. -->","yoast_head_json":{"title":"Pflanzenbasierte Produkte & Trockenmischungen f\u00fcr Ihre Marke - VEGGIECUS","description":"Veggiecus bietet einfache und effektive L\u00f6sungen f\u00fcr pflanzenbasierte Produkte & Trockenmischungen in Ihrem Business. Erfahren Sie mehr.","robots":{"index":"index","follow":"follow","max-snippet":"max-snippet:-1","max-image-preview":"max-image-preview:large","max-video-preview":"max-video-preview:-1"},"canonical":"https:\/\/www.veggiecus.de\/fr\/","og_locale":"fr_FR","og_type":"article","og_title":"Veggiecus - Plant Based Made Easy f\u00fcr Ihre Marke","og_description":"Entdecken Sie Veggiecus - Plant Based Made Easy f\u00fcr Ihr pflanzenbasiertes Business und finden Sie die besten L\u00f6sungen.","og_url":"https:\/\/www.veggiecus.de\/fr\/","og_site_name":"VEGGIECUS","article_modified_time":"2026-02-18T07:18:44+00:00","og_image":[{"width":751,"height":403,"url":"https:\/\/www.veggiecus.de\/wp-content\/uploads\/2025\/03\/veggiecus-logo-mitrand-2.png","type":"image\/png"}],"twitter_card":"summary_large_image","twitter_misc":{"Dur\u00e9e de lecture estim\u00e9e":"5 minutes"},"schema":{"@context":"https:\/\/schema.org","@graph":[{"@type":"WebPage","@id":"https:\/\/www.veggiecus.de\/fr\/","url":"https:\/\/www.veggiecus.de\/fr\/","name":"Pflanzenbasierte Produkte & Trockenmischungen f\u00fcr Ihre Marke - VEGGIECUS","isPartOf":{"@id":"https:\/\/www.veggiecus.de\/fr\/#website"},"datePublished":"2025-03-27T13:42:02+00:00","dateModified":"2026-02-18T07:18:44+00:00","description":"Veggiecus bietet einfache und effektive L\u00f6sungen f\u00fcr pflanzenbasierte Produkte & Trockenmischungen in Ihrem Business. Erfahren Sie mehr.","breadcrumb":{"@id":"https:\/\/www.veggiecus.de\/fr\/#breadcrumb"},"inLanguage":"fr-FR","potentialAction":[{"@type":"ReadAction","target":["https:\/\/www.veggiecus.de\/fr\/"]}]},{"@type":"BreadcrumbList","@id":"https:\/\/www.veggiecus.de\/fr\/#breadcrumb","itemListElement":[{"@type":"ListItem","position":1,"name":"Startseite","item":"https:\/\/www.veggiecus.de\/fr\/"},{"@type":"ListItem","position":2,"name":"VEGGIECUS"}]},{"@type":"WebSite","@id":"https:\/\/www.veggiecus.de\/fr\/#website","url":"https:\/\/www.veggiecus.de\/fr\/","name":"VEGGIECUS - Plant Based Made Easy","description":"Plant Based Made Easy","publisher":{"@id":"https:\/\/www.veggiecus.de\/fr\/#organization"},"potentialAction":[{"@type":"SearchAction","target":{"@type":"EntryPoint","urlTemplate":"https:\/\/www.veggiecus.de\/fr\/?s={search_term_string}"},"query-input":{"@type":"PropertyValueSpecification","valueRequired":true,"valueName":"search_term_string"}}],"inLanguage":"fr-FR"},{"@type":"Organization","@id":"https:\/\/www.veggiecus.de\/fr\/#organization","name":"VEGGIECUS by Koordination Krafticus GmbH","url":"https:\/\/www.veggiecus.de\/fr\/","logo":{"@type":"ImageObject","inLanguage":"fr-FR","@id":"https:\/\/www.veggiecus.de\/fr\/#\/schema\/logo\/image\/","url":"https:\/\/www.veggiecus.de\/wp-content\/uploads\/2025\/03\/veggiecus-logo-mitrand-2.png","contentUrl":"https:\/\/www.veggiecus.de\/wp-content\/uploads\/2025\/03\/veggiecus-logo-mitrand-2.png","width":751,"height":403,"caption":"VEGGIECUS by Koordination Krafticus GmbH"},"image":{"@id":"https:\/\/www.veggiecus.de\/fr\/#\/schema\/logo\/image\/"},"sameAs":["https:\/\/www.linkedin.com\/company\/veggiecus\/","https:\/\/www.youtube.com\/@veggiecus325"]}]}},"_links":{"self":[{"href":"https:\/\/www.veggiecus.de\/fr\/wp-json\/wp\/v2\/pages\/807","targetHints":{"allow":["GET"]}}],"collection":[{"href":"https:\/\/www.veggiecus.de\/fr\/wp-json\/wp\/v2\/pages"}],"about":[{"href":"https:\/\/www.veggiecus.de\/fr\/wp-json\/wp\/v2\/types\/page"}],"author":[{"embeddable":true,"href":"https:\/\/www.veggiecus.de\/fr\/wp-json\/wp\/v2\/users\/1"}],"replies":[{"embeddable":true,"href":"https:\/\/www.veggiecus.de\/fr\/wp-json\/wp\/v2\/comments?post=807"}],"version-history":[{"count":0,"href":"https:\/\/www.veggiecus.de\/fr\/wp-json\/wp\/v2\/pages\/807\/revisions"}],"wp:attachment":[{"href":"https:\/\/www.veggiecus.de\/fr\/wp-json\/wp\/v2\/media?parent=807"}],"curies":[{"name":"wp","href":"https:\/\/api.w.org\/{rel}","templated":true}]}}