
{"id":877,"date":"2025-10-07T08:53:31","date_gmt":"2025-10-07T08:53:31","guid":{"rendered":"https:\/\/www.veggiecus.de\/produits-finis\/"},"modified":"2026-02-17T07:18:21","modified_gmt":"2026-02-17T07:18:21","slug":"produits-finis","status":"publish","type":"page","link":"https:\/\/www.veggiecus.de\/fr\/produits-finis\/","title":{"rendered":"Produits finis"},"content":{"rendered":"<div class=\"wpb-content-wrapper\">[vc_row thb_full_width=\u00a0\u00bbtrue\u00a0\u00bb parallax=\u00a0\u00bbcontent-moving\u00a0\u00bb css=\u00a0\u00bb.vc_custom_1760701522824{background: #76B82A url(https:\/\/www.veggiecus.de\/wp-content\/uploads\/2025\/10\/background-tk-scaled.jpg?id=703);}\u00a0\u00bb el_class=\u00a0\u00bbvideo-banner\u00a0\u00bb thb_video_bg=\u00a0\u00bbhttps:\/\/www.veggiecus.de\/wp-content\/uploads\/2025\/10\/VEGGIECUS_Convenience_1.mp4&Prime;][vc_column width=\u00a0\u00bb1\/2&Prime; el_class=\u00a0\u00bbvideo-banner-left\u00a0\u00bb][vc_column_text css=\u00a0\u00bb.vc_custom_1771312531430{padding-top: 20% !important;padding-left: 7% !important;}\u00a0\u00bb]\n<h1 style=\"text-align: left; color: #ffffff;\">Simple.<br \/>\nProduits finis.<\/h1>\n[\/vc_column_text][\/vc_column][vc_column width=\u00a0\u00bb1\/2&Prime;][\/vc_column][\/vc_row][vc_row][vc_column][vc_empty_space height=\u00a0\u00bb140px\u00a0\u00bb][\/vc_column][\/vc_row][vc_row][vc_column css=\u00a0\u00bb.vc_custom_1758192235545{padding-right: 2% !important;}\u00a0\u00bb][vc_column_text css=\u00a0\u00bb\u00a0\u00bb]\n<h2 style=\"text-align: center;\"><span style=\"color: #005800;\">Pratique, sans compromis.<\/span><\/h2>\n[\/vc_column_text][vc_column_text css=\u00a0\u00bb\u00a0\u00bb]\n<p style=\"text-align: center;\">Sans effort de\u00a0pr\u00e9paration ni de travail, ils arrivent sur la table en quelques minutes.<\/p>\n[\/vc_column_text][vc_btn title=\u00a0\u00bbcontactez-nous\u00a0\u00bb align=\u00a0\u00bbcenter\u00a0\u00bb css=\u00a0\u00bb.vc_custom_1771312694643{margin-top: 20px !important;}\u00a0\u00bb link=\u00a0\u00bburl:https%3A%2F%2Fwww.veggiecus.de%2Ffr%2Fcontact%2F|title:Demander%20maintenant%26nbsp%3B!\u00a0\u00bb][\/vc_column][\/vc_row][vc_row][vc_column][vc_empty_space height=\u00a0\u00bb70px\u00a0\u00bb][\/vc_column][\/vc_row][vc_row thb_full_width=\u00a0\u00bbtrue\u00a0\u00bb thb_row_padding=\u00a0\u00bbtrue\u00a0\u00bb][vc_column][\/vc_column][\/vc_row][vc_row][vc_column][vc_empty_space height=\u00a0\u00bb140px\u00a0\u00bb][\/vc_column][\/vc_row][vc_section css=\u00a0\u00bb.vc_custom_1759832666496{padding-top: 100px !important;padding-bottom: 100px !important;background: #005800 url(https:\/\/www.veggiecus.de\/wp-content\/uploads\/2025\/09\/greenarea-background-2-scaled.png?id=587) !important;background-position: center !important;background-repeat: no-repeat !important;background-size: cover !important;}\u00a0\u00bb el_class=\u00a0\u00bbgreen-area\u00a0\u00bb][vc_row][vc_column width=\u00a0\u00bb1\/2&Prime;][vc_column_text css=\u00a0\u00bb\u00a0\u00bb]\n<h2 style=\"text-align: right;\">Simple. Efficace.<\/h2>\n[\/vc_column_text][\/vc_column][vc_column width=\u00a0\u00bb1\/2&Prime;][vc_column_text css=\u00a0\u00bb\u00a0\u00bb]\n<p style=\"text-align: left;\">Nos produits finis surgel\u00e9s sont disponibles dans de nombreuses\u00a0versions.<br \/>\nNon seulement ils ont un go\u00fbt excellent, mais ils aident \u00e9galement votre entreprise\u00a0\u00e0 \u00e9conomiser du temps et des ressources.<br \/>\nLa solution id\u00e9ale pour tous ceux qui recherchent la rapidit\u00e9 et la facilit\u00e9 !<\/p>\n[\/vc_column_text][vc_btn title=\u00a0\u00bbPlus d\u2019informations dans notre brochure\u00a0\u00bb align=\u00a0\u00bbleft\u00a0\u00bb css=\u00a0\u00bb.vc_custom_1771312651150{margin-top: 20px !important;}\u00a0\u00bb link=\u00a0\u00bburl:https%3A%2F%2Fwww.veggiecus.de%2Fwp-content%2Fuploads%2F2026%2F02%2FVEGGIECUS_frozen-products-FR-web-1.pdf|title:Brochure%20Produits%20surgel%C3%A9s|target:_blank\u00a0\u00bb][\/vc_column][\/vc_row][\/vc_section][vc_row][vc_column][vc_empty_space height=\u00a0\u00bb140px\u00a0\u00bb][\/vc_column][\/vc_row][vc_row][vc_column][vc_column_text css=\u00a0\u00bb\u00a0\u00bb]\n<h2>Trois options de vente simples<\/h2>\n[\/vc_column_text][\/vc_column][\/vc_row][vc_row thb_full_width=\u00a0\u00bbtrue\u00a0\u00bb thb_row_padding=\u00a0\u00bbtrue\u00a0\u00bb][vc_column offset=\u00a0\u00bbvc_hidden-sm vc_hidden-xs\u00a0\u00bb][\/vc_column][\/vc_row][vc_row thb_full_width=\u00a0\u00bbtrue\u00a0\u00bb thb_row_padding=\u00a0\u00bbtrue\u00a0\u00bb][vc_column offset=\u00a0\u00bbvc_hidden-lg vc_hidden-md\u00a0\u00bb][\/vc_column][\/vc_row][vc_row][vc_column][vc_empty_space height=\u00a0\u00bb140px\u00a0\u00bb][\/vc_column][\/vc_row]\n<\/div>","protected":false},"excerpt":{"rendered":"<p>[vc_row thb_full_width=\u00a0\u00bbtrue\u00a0\u00bb parallax=\u00a0\u00bbcontent-moving\u00a0\u00bb css=\u00a0\u00bb.vc_custom_1760701522824{background: #76B82A url(https:\/\/www.veggiecus.de\/wp-content\/uploads\/2025\/10\/background-tk-scaled.jpg?id=703);}\u00a0\u00bb el_class=\u00a0\u00bbvideo-banner\u00a0\u00bb thb_video_bg=\u00a0\u00bbhttps:\/\/www.veggiecus.de\/wp-content\/uploads\/2025\/10\/VEGGIECUS_Convenience_1.mp4&Prime;][vc_column width=\u00a0\u00bb1\/2&Prime; el_class=\u00a0\u00bbvideo-banner-left\u00a0\u00bb][vc_column_text css=\u00a0\u00bb.vc_custom_1771312531430{padding-top: 20% !important;padding-left: 7% !important;}\u00a0\u00bb] Simple. Produits finis. [\/vc_column_text][\/vc_column][vc_column width=\u00a0\u00bb1\/2&Prime;][\/vc_column][\/vc_row][vc_row][vc_column][vc_empty_space height=\u00a0\u00bb140px\u00a0\u00bb][\/vc_column][\/vc_row][vc_row][vc_column css=\u00a0\u00bb.vc_custom_1758192235545{padding-right: 2% !important;}\u00a0\u00bb][vc_column_text css=\u00a0\u00bb\u00a0\u00bb] Pratique, sans compromis. [\/vc_column_text][vc_column_text css=\u00a0\u00bb\u00a0\u00bb] Sans effort de\u00a0pr\u00e9paration ni de travail, ils arrivent sur la table en quelques minutes. [\/vc_column_text][vc_btn title=\u00a0\u00bbcontactez-nous\u00a0\u00bb align=\u00a0\u00bbcenter\u00a0\u00bb css=\u00a0\u00bb.vc_custom_1771312694643{margin-top: 20px !important;}\u00a0\u00bb link=\u00a0\u00bburl:https%3A%2F%2Fwww.veggiecus.de%2Ffr%2Fcontact%2F|title:Demander%20maintenant%26nbsp%3B!\u00a0\u00bb][\/vc_column][\/vc_row][vc_row][vc_column][vc_empty_space height=\u00a0\u00bb70px\u00a0\u00bb][\/vc_column][\/vc_row][vc_row thb_full_width=\u00a0\u00bbtrue\u00a0\u00bb thb_row_padding=\u00a0\u00bbtrue\u00a0\u00bb][vc_column][\/vc_column][\/vc_row][vc_row][vc_column][vc_empty_space height=\u00a0\u00bb140px\u00a0\u00bb][\/vc_column][\/vc_row][vc_section&hellip;<\/p>\n","protected":false},"author":1,"featured_media":0,"parent":0,"menu_order":0,"comment_status":"closed","ping_status":"closed","template":"","meta":{"footnotes":""},"class_list":["post-877","page","type-page","status-publish","hentry"],"yoast_head":"<!-- This site is optimized with the Yoast SEO plugin v27.2 - https:\/\/yoast.com\/product\/yoast-seo-wordpress\/ -->\n<title>Produits finis - VEGGIECUS<\/title>\n<meta name=\"description\" content=\"D\u00e9couvrez les avantages des produits finis v\u00e9g\u00e9taux surgel\u00e9s. Pr\u00e9paration rapide, id\u00e9al pour votre entreprise.\" \/>\n<meta name=\"robots\" content=\"index, follow, max-snippet:-1, max-image-preview:large, max-video-preview:-1\" \/>\n<link rel=\"canonical\" href=\"https:\/\/www.veggiecus.de\/fr\/produits-finis\/\" \/>\n<meta property=\"og:locale\" content=\"fr_FR\" \/>\n<meta property=\"og:type\" content=\"article\" \/>\n<meta property=\"og:title\" content=\"Produits finis - VEGGIECUS\" \/>\n<meta property=\"og:description\" content=\"D\u00e9couvrez les avantages des produits finis v\u00e9g\u00e9taux surgel\u00e9s. Pr\u00e9paration rapide, id\u00e9al pour votre entreprise.\" \/>\n<meta property=\"og:url\" content=\"https:\/\/www.veggiecus.de\/fr\/produits-finis\/\" \/>\n<meta property=\"og:site_name\" content=\"VEGGIECUS\" \/>\n<meta property=\"article:modified_time\" content=\"2026-02-17T07:18:21+00:00\" \/>\n<meta name=\"twitter:card\" content=\"summary_large_image\" \/>\n<meta name=\"twitter:label1\" content=\"Dur\u00e9e de lecture estim\u00e9e\" \/>\n\t<meta name=\"twitter:data1\" content=\"1 minute\" \/>\n<script type=\"application\/ld+json\" class=\"yoast-schema-graph\">{\"@context\":\"https:\/\/schema.org\",\"@graph\":[{\"@type\":\"WebPage\",\"@id\":\"https:\/\/www.veggiecus.de\/fr\/produits-finis\/\",\"url\":\"https:\/\/www.veggiecus.de\/fr\/produits-finis\/\",\"name\":\"Produits finis - VEGGIECUS\",\"isPartOf\":{\"@id\":\"https:\/\/www.veggiecus.de\/fr\/#website\"},\"datePublished\":\"2025-10-07T08:53:31+00:00\",\"dateModified\":\"2026-02-17T07:18:21+00:00\",\"description\":\"D\u00e9couvrez les avantages des produits finis v\u00e9g\u00e9taux surgel\u00e9s. Pr\u00e9paration rapide, id\u00e9al pour votre entreprise.\",\"breadcrumb\":{\"@id\":\"https:\/\/www.veggiecus.de\/fr\/produits-finis\/#breadcrumb\"},\"inLanguage\":\"fr-FR\",\"potentialAction\":[{\"@type\":\"ReadAction\",\"target\":[\"https:\/\/www.veggiecus.de\/fr\/produits-finis\/\"]}]},{\"@type\":\"BreadcrumbList\",\"@id\":\"https:\/\/www.veggiecus.de\/fr\/produits-finis\/#breadcrumb\",\"itemListElement\":[{\"@type\":\"ListItem\",\"position\":1,\"name\":\"Startseite\",\"item\":\"https:\/\/www.veggiecus.de\/fr\/\"},{\"@type\":\"ListItem\",\"position\":2,\"name\":\"Produits finis\"}]},{\"@type\":\"WebSite\",\"@id\":\"https:\/\/www.veggiecus.de\/fr\/#website\",\"url\":\"https:\/\/www.veggiecus.de\/fr\/\",\"name\":\"VEGGIECUS - Plant Based Made Easy\",\"description\":\"Plant Based Made Easy\",\"publisher\":{\"@id\":\"https:\/\/www.veggiecus.de\/fr\/#organization\"},\"potentialAction\":[{\"@type\":\"SearchAction\",\"target\":{\"@type\":\"EntryPoint\",\"urlTemplate\":\"https:\/\/www.veggiecus.de\/fr\/?s={search_term_string}\"},\"query-input\":{\"@type\":\"PropertyValueSpecification\",\"valueRequired\":true,\"valueName\":\"search_term_string\"}}],\"inLanguage\":\"fr-FR\"},{\"@type\":\"Organization\",\"@id\":\"https:\/\/www.veggiecus.de\/fr\/#organization\",\"name\":\"VEGGIECUS by Koordination Krafticus GmbH\",\"url\":\"https:\/\/www.veggiecus.de\/fr\/\",\"logo\":{\"@type\":\"ImageObject\",\"inLanguage\":\"fr-FR\",\"@id\":\"https:\/\/www.veggiecus.de\/fr\/#\/schema\/logo\/image\/\",\"url\":\"https:\/\/www.veggiecus.de\/wp-content\/uploads\/2025\/03\/veggiecus-logo-mitrand-2.png\",\"contentUrl\":\"https:\/\/www.veggiecus.de\/wp-content\/uploads\/2025\/03\/veggiecus-logo-mitrand-2.png\",\"width\":751,\"height\":403,\"caption\":\"VEGGIECUS by Koordination Krafticus GmbH\"},\"image\":{\"@id\":\"https:\/\/www.veggiecus.de\/fr\/#\/schema\/logo\/image\/\"},\"sameAs\":[\"https:\/\/www.linkedin.com\/company\/veggiecus\/\",\"https:\/\/www.youtube.com\/@veggiecus325\"]}]}<\/script>\n<!-- \/ Yoast SEO plugin. -->","yoast_head_json":{"title":"Produits finis - VEGGIECUS","description":"D\u00e9couvrez les avantages des produits finis v\u00e9g\u00e9taux surgel\u00e9s. Pr\u00e9paration rapide, id\u00e9al pour votre entreprise.","robots":{"index":"index","follow":"follow","max-snippet":"max-snippet:-1","max-image-preview":"max-image-preview:large","max-video-preview":"max-video-preview:-1"},"canonical":"https:\/\/www.veggiecus.de\/fr\/produits-finis\/","og_locale":"fr_FR","og_type":"article","og_title":"Produits finis - VEGGIECUS","og_description":"D\u00e9couvrez les avantages des produits finis v\u00e9g\u00e9taux surgel\u00e9s. Pr\u00e9paration rapide, id\u00e9al pour votre entreprise.","og_url":"https:\/\/www.veggiecus.de\/fr\/produits-finis\/","og_site_name":"VEGGIECUS","article_modified_time":"2026-02-17T07:18:21+00:00","twitter_card":"summary_large_image","twitter_misc":{"Dur\u00e9e de lecture estim\u00e9e":"1 minute"},"schema":{"@context":"https:\/\/schema.org","@graph":[{"@type":"WebPage","@id":"https:\/\/www.veggiecus.de\/fr\/produits-finis\/","url":"https:\/\/www.veggiecus.de\/fr\/produits-finis\/","name":"Produits finis - VEGGIECUS","isPartOf":{"@id":"https:\/\/www.veggiecus.de\/fr\/#website"},"datePublished":"2025-10-07T08:53:31+00:00","dateModified":"2026-02-17T07:18:21+00:00","description":"D\u00e9couvrez les avantages des produits finis v\u00e9g\u00e9taux surgel\u00e9s. Pr\u00e9paration rapide, id\u00e9al pour votre entreprise.","breadcrumb":{"@id":"https:\/\/www.veggiecus.de\/fr\/produits-finis\/#breadcrumb"},"inLanguage":"fr-FR","potentialAction":[{"@type":"ReadAction","target":["https:\/\/www.veggiecus.de\/fr\/produits-finis\/"]}]},{"@type":"BreadcrumbList","@id":"https:\/\/www.veggiecus.de\/fr\/produits-finis\/#breadcrumb","itemListElement":[{"@type":"ListItem","position":1,"name":"Startseite","item":"https:\/\/www.veggiecus.de\/fr\/"},{"@type":"ListItem","position":2,"name":"Produits finis"}]},{"@type":"WebSite","@id":"https:\/\/www.veggiecus.de\/fr\/#website","url":"https:\/\/www.veggiecus.de\/fr\/","name":"VEGGIECUS - Plant Based Made Easy","description":"Plant Based Made Easy","publisher":{"@id":"https:\/\/www.veggiecus.de\/fr\/#organization"},"potentialAction":[{"@type":"SearchAction","target":{"@type":"EntryPoint","urlTemplate":"https:\/\/www.veggiecus.de\/fr\/?s={search_term_string}"},"query-input":{"@type":"PropertyValueSpecification","valueRequired":true,"valueName":"search_term_string"}}],"inLanguage":"fr-FR"},{"@type":"Organization","@id":"https:\/\/www.veggiecus.de\/fr\/#organization","name":"VEGGIECUS by Koordination Krafticus GmbH","url":"https:\/\/www.veggiecus.de\/fr\/","logo":{"@type":"ImageObject","inLanguage":"fr-FR","@id":"https:\/\/www.veggiecus.de\/fr\/#\/schema\/logo\/image\/","url":"https:\/\/www.veggiecus.de\/wp-content\/uploads\/2025\/03\/veggiecus-logo-mitrand-2.png","contentUrl":"https:\/\/www.veggiecus.de\/wp-content\/uploads\/2025\/03\/veggiecus-logo-mitrand-2.png","width":751,"height":403,"caption":"VEGGIECUS by Koordination Krafticus GmbH"},"image":{"@id":"https:\/\/www.veggiecus.de\/fr\/#\/schema\/logo\/image\/"},"sameAs":["https:\/\/www.linkedin.com\/company\/veggiecus\/","https:\/\/www.youtube.com\/@veggiecus325"]}]}},"_links":{"self":[{"href":"https:\/\/www.veggiecus.de\/fr\/wp-json\/wp\/v2\/pages\/877","targetHints":{"allow":["GET"]}}],"collection":[{"href":"https:\/\/www.veggiecus.de\/fr\/wp-json\/wp\/v2\/pages"}],"about":[{"href":"https:\/\/www.veggiecus.de\/fr\/wp-json\/wp\/v2\/types\/page"}],"author":[{"embeddable":true,"href":"https:\/\/www.veggiecus.de\/fr\/wp-json\/wp\/v2\/users\/1"}],"replies":[{"embeddable":true,"href":"https:\/\/www.veggiecus.de\/fr\/wp-json\/wp\/v2\/comments?post=877"}],"version-history":[{"count":0,"href":"https:\/\/www.veggiecus.de\/fr\/wp-json\/wp\/v2\/pages\/877\/revisions"}],"wp:attachment":[{"href":"https:\/\/www.veggiecus.de\/fr\/wp-json\/wp\/v2\/media?parent=877"}],"curies":[{"name":"wp","href":"https:\/\/api.w.org\/{rel}","templated":true}]}}