
{"id":882,"date":"2025-04-04T07:01:17","date_gmt":"2025-04-04T07:01:17","guid":{"rendered":"https:\/\/www.veggiecus.de\/mentions-legales\/"},"modified":"2026-02-19T09:51:45","modified_gmt":"2026-02-19T09:51:45","slug":"mentions-legales","status":"publish","type":"page","link":"https:\/\/www.veggiecus.de\/fr\/mentions-legales\/","title":{"rendered":"Mentions l\u00e9gales"},"content":{"rendered":"<div class=\"wpb-content-wrapper\">[vc_row][vc_column css=\u00a0\u00bb.vc_custom_1743750070909{padding-top: 10% !important;padding-bottom: 10% !important;}\u00a0\u00bb][vc_column_text css=\u00a0\u00bb\u00a0\u00bb]\n<h1>MENTIONS L\u00c9GALES<\/h1>\n<p>Informations conform\u00e9ment au \u00a7 5 DDG :<br \/>\nKoordination Krafticus GmbH<br \/>\nGrostrowstra\u00dfe 1<br \/>\n66740 Saarlouis<\/p>\n<p>&nbsp;<\/p>\n<h3>Contact<\/h3>\n<table>\n<tbody>\n<tr>\n<td>T\u00e9l\u00e9phone :<\/td>\n<td>+49 6831 937 0<\/td>\n<\/tr>\n<tr>\n<td>T\u00e9l\u00e9copie :<\/td>\n<td>+49 6831 937 299<\/td>\n<\/tr>\n<tr>\n<td>E-mail :<\/td>\n<td><a href=\"mailto:info@krafticus.de\">info@krafticus.de<\/a><\/td>\n<\/tr>\n<\/tbody>\n<\/table>\n<p>&nbsp;<\/p>\n<h3 class=\"container entry-content clearfix\">Num\u00e9ro d&rsquo;identification TVA<\/h3>\n<p>Num\u00e9ro d&rsquo;identification TVA conform\u00e9ment au \u00a727 a de la loi sur la taxe sur le chiffre d&rsquo;affaires :<br \/>\nDE 252272459<\/p>\n<p>&nbsp;<\/p>\n<h3>Responsable du contenu selon \u00a7 55 alin\u00e9a 2 RStV <\/h3>\n<p>Stefan Rietmann<br \/>\nGrostrowstra\u00dfe 1<br \/>\n66740 Saarlouis<\/p>\n<p>&nbsp;<\/p>\n<h3>Directeurs g\u00e9n\u00e9raux habilit\u00e9s \u00e0 repr\u00e9senter l&rsquo;entreprise<\/h3>\n<p>Thomas Rietmann<br \/>\nStefan Rietmann<\/p>\n<p>&nbsp;<\/p>\n<h3>Tribunal comp\u00e9tent<\/h3>\n<p>Sarrebruck<\/p>\n<p>&nbsp;<\/p>\n<h3>Num\u00e9ro d&rsquo;enregistrement<\/h3>\n<p>HRB 24275<\/p>\n<p>&nbsp;<\/p>\n<h3>Exclusion de responsabilit\u00e9 (Disclaimer)<\/h3>\n<h4>Responsabilit\u00e9 pour les contenus<\/h4>\n<p>En tant que prestataire de services, nous sommes responsables de nos propres contenus sur ces pages conform\u00e9ment au \u00a7 7 alin\u00e9a 1 DDG et aux lois g\u00e9n\u00e9rales. Conform\u00e9ment aux \u00a7\u00a7 8 \u00e0 10 DDG, nous ne sommes toutefois pas tenus, en tant que prestataire de services, de surveiller les informations externes transmises ou stock\u00e9es, ni de rechercher les circonstances qui indiquent une activit\u00e9 ill\u00e9gale. Les obligations de supprimer ou de bloquer l&rsquo;utilisation des informations conform\u00e9ment aux lois g\u00e9n\u00e9rales n&rsquo;en sont pas affect\u00e9es. Toutefois, la responsabilit\u00e9 \u00e0 cet \u00e9gard n&rsquo;est possible qu&rsquo;\u00e0 partir du moment o\u00f9 l&rsquo;on a connaissance d&rsquo;une violation concr\u00e8te de la loi. D\u00e8s que nous aurons connaissance de telles violations de la loi, nous supprimerons imm\u00e9diatement ces contenus.     <\/p>\n<p>&nbsp;<\/p>\n<h4>Responsabilit\u00e9 pour les liens<\/h4>\n<p>Notre offre contient des liens vers des sites web externes de tiers sur lesquels nous n&rsquo;avons aucune influence. Par cons\u00e9quent, nous ne pouvons assumer aucune responsabilit\u00e9 pour ces contenus externes. Le fournisseur ou l&rsquo;exploitant respectif des pages est toujours responsable du contenu des pages li\u00e9es. Les pages li\u00e9es ont \u00e9t\u00e9 v\u00e9rifi\u00e9es au moment de la cr\u00e9ation du lien afin de d\u00e9tecter d&rsquo;\u00e9ventuelles violations de la loi. Les contenus ill\u00e9gaux n&rsquo;\u00e9taient pas reconnaissables au moment de la cr\u00e9ation du lien. Toutefois, un contr\u00f4le permanent du contenu des pages li\u00e9es n&rsquo;est pas raisonnable sans indication concr\u00e8te d&rsquo;une violation de la loi. D\u00e8s que nous aurons connaissance de violations de la loi, nous supprimerons imm\u00e9diatement ces liens.      <\/p>\n<p>&nbsp;<\/p>\n<h4>Droit d&rsquo;auteur<\/h4>\n<p>Les contenus et \u0153uvres cr\u00e9\u00e9s par les exploitants du site sur ces pages sont soumis au droit d&rsquo;auteur allemand. La reproduction, le traitement, la distribution et toute forme d&rsquo;exploitation en dehors des limites du droit d&rsquo;auteur n\u00e9cessitent l&rsquo;accord \u00e9crit de l&rsquo;auteur ou du cr\u00e9ateur respectif. Les t\u00e9l\u00e9chargements et les copies de cette page ne sont autoris\u00e9s que pour un usage priv\u00e9 et non commercial. Dans la mesure o\u00f9 les contenus de cette page n&rsquo;ont pas \u00e9t\u00e9 cr\u00e9\u00e9s par l&rsquo;exploitant, les droits d&rsquo;auteur de tiers sont respect\u00e9s. En particulier, les contenus de tiers sont signal\u00e9s comme tels. Si vous remarquez n\u00e9anmoins une violation du droit d&rsquo;auteur, nous vous demandons de nous en informer. D\u00e8s que nous aurons connaissance de violations de la loi, nous supprimerons imm\u00e9diatement ces contenus.[\/vc_column_text][\/vc_column][\/vc_row]\n<\/div>","protected":false},"excerpt":{"rendered":"<p>[vc_row][vc_column css=\u00a0\u00bb.vc_custom_1743750070909{padding-top: 10% !important;padding-bottom: 10% !important;}\u00a0\u00bb][vc_column_text css=\u00a0\u00bb\u00a0\u00bb] MENTIONS L\u00c9GALES Informations conform\u00e9ment au \u00a7 5 DDG : Koordination Krafticus GmbH Grostrowstra\u00dfe 1 66740 Saarlouis &nbsp; Contact T\u00e9l\u00e9phone : +49 6831 937 0 T\u00e9l\u00e9copie : +49 6831 937 299 E-mail : info@krafticus.de &nbsp; Num\u00e9ro d&rsquo;identification TVA Num\u00e9ro d&rsquo;identification TVA conform\u00e9ment au \u00a727 a de la loi sur&hellip;<\/p>\n","protected":false},"author":2,"featured_media":0,"parent":0,"menu_order":0,"comment_status":"closed","ping_status":"closed","template":"","meta":{"footnotes":""},"class_list":["post-882","page","type-page","status-publish","hentry"],"yoast_head":"<!-- This site is optimized with the Yoast SEO plugin v27.2 - https:\/\/yoast.com\/product\/yoast-seo-wordpress\/ -->\n<title>Mentions l\u00e9gales - VEGGIECUS<\/title>\n<meta name=\"description\" content=\"Informez-vous sur les mentions l\u00e9gales de Veggiecus, y compris les donn\u00e9es de l&#039;entreprise et les responsabilit\u00e9s selon la DDG.\" \/>\n<meta name=\"robots\" content=\"index, follow, max-snippet:-1, max-image-preview:large, max-video-preview:-1\" \/>\n<link rel=\"canonical\" href=\"https:\/\/www.veggiecus.de\/fr\/mentions-legales\/\" \/>\n<meta property=\"og:locale\" content=\"fr_FR\" \/>\n<meta property=\"og:type\" content=\"article\" \/>\n<meta property=\"og:title\" content=\"Mentions l\u00e9gales - VEGGIECUS\" \/>\n<meta property=\"og:description\" content=\"Informez-vous sur les mentions l\u00e9gales de Veggiecus, y compris les donn\u00e9es de l&#039;entreprise et les responsabilit\u00e9s selon la DDG.\" \/>\n<meta property=\"og:url\" content=\"https:\/\/www.veggiecus.de\/fr\/mentions-legales\/\" \/>\n<meta property=\"og:site_name\" content=\"VEGGIECUS\" \/>\n<meta property=\"article:modified_time\" content=\"2026-02-19T09:51:45+00:00\" \/>\n<meta name=\"twitter:card\" content=\"summary_large_image\" \/>\n<meta name=\"twitter:label1\" content=\"Dur\u00e9e de lecture estim\u00e9e\" \/>\n\t<meta name=\"twitter:data1\" content=\"3 minutes\" \/>\n<script type=\"application\/ld+json\" class=\"yoast-schema-graph\">{\"@context\":\"https:\/\/schema.org\",\"@graph\":[{\"@type\":\"WebPage\",\"@id\":\"https:\/\/www.veggiecus.de\/fr\/mentions-legales\/\",\"url\":\"https:\/\/www.veggiecus.de\/fr\/mentions-legales\/\",\"name\":\"Mentions l\u00e9gales - VEGGIECUS\",\"isPartOf\":{\"@id\":\"https:\/\/www.veggiecus.de\/fr\/#website\"},\"datePublished\":\"2025-04-04T07:01:17+00:00\",\"dateModified\":\"2026-02-19T09:51:45+00:00\",\"description\":\"Informez-vous sur les mentions l\u00e9gales de Veggiecus, y compris les donn\u00e9es de l'entreprise et les responsabilit\u00e9s selon la DDG.\",\"breadcrumb\":{\"@id\":\"https:\/\/www.veggiecus.de\/fr\/mentions-legales\/#breadcrumb\"},\"inLanguage\":\"fr-FR\",\"potentialAction\":[{\"@type\":\"ReadAction\",\"target\":[\"https:\/\/www.veggiecus.de\/fr\/mentions-legales\/\"]}]},{\"@type\":\"BreadcrumbList\",\"@id\":\"https:\/\/www.veggiecus.de\/fr\/mentions-legales\/#breadcrumb\",\"itemListElement\":[{\"@type\":\"ListItem\",\"position\":1,\"name\":\"Startseite\",\"item\":\"https:\/\/www.veggiecus.de\/fr\/\"},{\"@type\":\"ListItem\",\"position\":2,\"name\":\"Mentions l\u00e9gales\"}]},{\"@type\":\"WebSite\",\"@id\":\"https:\/\/www.veggiecus.de\/fr\/#website\",\"url\":\"https:\/\/www.veggiecus.de\/fr\/\",\"name\":\"VEGGIECUS - Plant Based Made Easy\",\"description\":\"Plant Based Made Easy\",\"publisher\":{\"@id\":\"https:\/\/www.veggiecus.de\/fr\/#organization\"},\"potentialAction\":[{\"@type\":\"SearchAction\",\"target\":{\"@type\":\"EntryPoint\",\"urlTemplate\":\"https:\/\/www.veggiecus.de\/fr\/?s={search_term_string}\"},\"query-input\":{\"@type\":\"PropertyValueSpecification\",\"valueRequired\":true,\"valueName\":\"search_term_string\"}}],\"inLanguage\":\"fr-FR\"},{\"@type\":\"Organization\",\"@id\":\"https:\/\/www.veggiecus.de\/fr\/#organization\",\"name\":\"VEGGIECUS by Koordination Krafticus GmbH\",\"url\":\"https:\/\/www.veggiecus.de\/fr\/\",\"logo\":{\"@type\":\"ImageObject\",\"inLanguage\":\"fr-FR\",\"@id\":\"https:\/\/www.veggiecus.de\/fr\/#\/schema\/logo\/image\/\",\"url\":\"https:\/\/www.veggiecus.de\/wp-content\/uploads\/2025\/03\/veggiecus-logo-mitrand-2.png\",\"contentUrl\":\"https:\/\/www.veggiecus.de\/wp-content\/uploads\/2025\/03\/veggiecus-logo-mitrand-2.png\",\"width\":751,\"height\":403,\"caption\":\"VEGGIECUS by Koordination Krafticus GmbH\"},\"image\":{\"@id\":\"https:\/\/www.veggiecus.de\/fr\/#\/schema\/logo\/image\/\"},\"sameAs\":[\"https:\/\/www.linkedin.com\/company\/veggiecus\/\",\"https:\/\/www.youtube.com\/@veggiecus325\"]}]}<\/script>\n<!-- \/ Yoast SEO plugin. -->","yoast_head_json":{"title":"Mentions l\u00e9gales - VEGGIECUS","description":"Informez-vous sur les mentions l\u00e9gales de Veggiecus, y compris les donn\u00e9es de l'entreprise et les responsabilit\u00e9s selon la DDG.","robots":{"index":"index","follow":"follow","max-snippet":"max-snippet:-1","max-image-preview":"max-image-preview:large","max-video-preview":"max-video-preview:-1"},"canonical":"https:\/\/www.veggiecus.de\/fr\/mentions-legales\/","og_locale":"fr_FR","og_type":"article","og_title":"Mentions l\u00e9gales - VEGGIECUS","og_description":"Informez-vous sur les mentions l\u00e9gales de Veggiecus, y compris les donn\u00e9es de l'entreprise et les responsabilit\u00e9s selon la DDG.","og_url":"https:\/\/www.veggiecus.de\/fr\/mentions-legales\/","og_site_name":"VEGGIECUS","article_modified_time":"2026-02-19T09:51:45+00:00","twitter_card":"summary_large_image","twitter_misc":{"Dur\u00e9e de lecture estim\u00e9e":"3 minutes"},"schema":{"@context":"https:\/\/schema.org","@graph":[{"@type":"WebPage","@id":"https:\/\/www.veggiecus.de\/fr\/mentions-legales\/","url":"https:\/\/www.veggiecus.de\/fr\/mentions-legales\/","name":"Mentions l\u00e9gales - VEGGIECUS","isPartOf":{"@id":"https:\/\/www.veggiecus.de\/fr\/#website"},"datePublished":"2025-04-04T07:01:17+00:00","dateModified":"2026-02-19T09:51:45+00:00","description":"Informez-vous sur les mentions l\u00e9gales de Veggiecus, y compris les donn\u00e9es de l'entreprise et les responsabilit\u00e9s selon la DDG.","breadcrumb":{"@id":"https:\/\/www.veggiecus.de\/fr\/mentions-legales\/#breadcrumb"},"inLanguage":"fr-FR","potentialAction":[{"@type":"ReadAction","target":["https:\/\/www.veggiecus.de\/fr\/mentions-legales\/"]}]},{"@type":"BreadcrumbList","@id":"https:\/\/www.veggiecus.de\/fr\/mentions-legales\/#breadcrumb","itemListElement":[{"@type":"ListItem","position":1,"name":"Startseite","item":"https:\/\/www.veggiecus.de\/fr\/"},{"@type":"ListItem","position":2,"name":"Mentions l\u00e9gales"}]},{"@type":"WebSite","@id":"https:\/\/www.veggiecus.de\/fr\/#website","url":"https:\/\/www.veggiecus.de\/fr\/","name":"VEGGIECUS - Plant Based Made Easy","description":"Plant Based Made Easy","publisher":{"@id":"https:\/\/www.veggiecus.de\/fr\/#organization"},"potentialAction":[{"@type":"SearchAction","target":{"@type":"EntryPoint","urlTemplate":"https:\/\/www.veggiecus.de\/fr\/?s={search_term_string}"},"query-input":{"@type":"PropertyValueSpecification","valueRequired":true,"valueName":"search_term_string"}}],"inLanguage":"fr-FR"},{"@type":"Organization","@id":"https:\/\/www.veggiecus.de\/fr\/#organization","name":"VEGGIECUS by Koordination Krafticus GmbH","url":"https:\/\/www.veggiecus.de\/fr\/","logo":{"@type":"ImageObject","inLanguage":"fr-FR","@id":"https:\/\/www.veggiecus.de\/fr\/#\/schema\/logo\/image\/","url":"https:\/\/www.veggiecus.de\/wp-content\/uploads\/2025\/03\/veggiecus-logo-mitrand-2.png","contentUrl":"https:\/\/www.veggiecus.de\/wp-content\/uploads\/2025\/03\/veggiecus-logo-mitrand-2.png","width":751,"height":403,"caption":"VEGGIECUS by Koordination Krafticus GmbH"},"image":{"@id":"https:\/\/www.veggiecus.de\/fr\/#\/schema\/logo\/image\/"},"sameAs":["https:\/\/www.linkedin.com\/company\/veggiecus\/","https:\/\/www.youtube.com\/@veggiecus325"]}]}},"_links":{"self":[{"href":"https:\/\/www.veggiecus.de\/fr\/wp-json\/wp\/v2\/pages\/882","targetHints":{"allow":["GET"]}}],"collection":[{"href":"https:\/\/www.veggiecus.de\/fr\/wp-json\/wp\/v2\/pages"}],"about":[{"href":"https:\/\/www.veggiecus.de\/fr\/wp-json\/wp\/v2\/types\/page"}],"author":[{"embeddable":true,"href":"https:\/\/www.veggiecus.de\/fr\/wp-json\/wp\/v2\/users\/2"}],"replies":[{"embeddable":true,"href":"https:\/\/www.veggiecus.de\/fr\/wp-json\/wp\/v2\/comments?post=882"}],"version-history":[{"count":0,"href":"https:\/\/www.veggiecus.de\/fr\/wp-json\/wp\/v2\/pages\/882\/revisions"}],"wp:attachment":[{"href":"https:\/\/www.veggiecus.de\/fr\/wp-json\/wp\/v2\/media?parent=882"}],"curies":[{"name":"wp","href":"https:\/\/api.w.org\/{rel}","templated":true}]}}