
{"id":885,"date":"2025-04-07T08:35:35","date_gmt":"2025-04-07T08:35:35","guid":{"rendered":"https:\/\/www.veggiecus.de\/contact\/"},"modified":"2026-02-13T08:48:04","modified_gmt":"2026-02-13T08:48:04","slug":"contact","status":"publish","type":"page","link":"https:\/\/www.veggiecus.de\/fr\/contact\/","title":{"rendered":"Contact"},"content":{"rendered":"<div class=\"wpb-content-wrapper\">[vc_row thb_full_width=\u00a0\u00bbtrue\u00a0\u00bb el_class=\u00a0\u00bbvideo-banner\u00a0\u00bb][vc_column el_class=\u00a0\u00bbvideo-banner-left\u00a0\u00bb][vc_goo_maps location=\u00a0\u00bb67320 Thal-Drulingen, France\u00a0\u00bb height=\u00a0\u00bb1000px\u00a0\u00bb zoom=\u00a0\u00bb15&Prime; css=\u00a0\u00bb\u00a0\u00bb][\/vc_column][\/vc_row][vc_row][vc_column][vc_empty_space height=\u00a0\u00bb100px\u00a0\u00bb][vc_column_text css=\u00a0\u00bb.vc_custom_1759912436152{margin-bottom: 70px !important;}\u00a0\u00bb el_class=\u00a0\u00bbcontact-form\u00a0\u00bb]\n<h1 style=\"text-align: left;\">Simple. Contactez-nous.<\/h1>\n[\/vc_column_text][vc_empty_space height=\u00a0\u00bb60px\u00a0\u00bb][vc_column_text css=\u00a0\u00bb\u00a0\u00bb el_class=\u00a0\u00bbcontact-form\u00a0\u00bb]Nous sommes impatients d\u2019\u00e9changer avec vous.[\/vc_column_text][vc_empty_space height=\u00a0\u00bb160px\u00a0\u00bb][\/vc_column][\/vc_row][vc_row][vc_column width=\u00a0\u00bb1\/2&Prime; el_class=\u00a0\u00bbtext-white\u00a0\u00bb][vc_column_text css=\u00a0\u00bb\u00a0\u00bb el_class=\u00a0\u00bbcontact-form\u00a0\u00bb]\n<h3 style=\"text-align: center;\">\n<div class=\"wpcf7 no-js\" id=\"wpcf7-f954-o1\" lang=\"fr-FR\" dir=\"ltr\" data-wpcf7-id=\"954\">\n<div class=\"screen-reader-response\"><p role=\"status\" aria-live=\"polite\" aria-atomic=\"true\"><\/p> <ul><\/ul><\/div>\n<form action=\"\/fr\/wp-json\/wp\/v2\/pages\/885#wpcf7-f954-o1\" method=\"post\" class=\"wpcf7-form init\" aria-label=\"Formulaire de contact\" novalidate=\"novalidate\" data-status=\"init\">\n<fieldset class=\"hidden-fields-container\"><input type=\"hidden\" name=\"_wpcf7\" value=\"954\" \/><input type=\"hidden\" name=\"_wpcf7_version\" value=\"6.1.5\" \/><input type=\"hidden\" name=\"_wpcf7_locale\" value=\"fr_FR\" \/><input type=\"hidden\" name=\"_wpcf7_unit_tag\" value=\"wpcf7-f954-o1\" \/><input type=\"hidden\" name=\"_wpcf7_container_post\" value=\"0\" \/><input type=\"hidden\" name=\"_wpcf7_posted_data_hash\" value=\"\" \/><input type=\"hidden\" name=\"_wpcf7_recaptcha_response\" value=\"\" \/>\n<\/fieldset>\n<p><label> Votre nom<br \/>\n<span class=\"wpcf7-form-control-wrap\" data-name=\"your-name\"><input size=\"40\" maxlength=\"400\" class=\"wpcf7-form-control wpcf7-text wpcf7-validates-as-required\" autocomplete=\"name\" aria-required=\"true\" aria-invalid=\"false\" value=\"\" type=\"text\" name=\"your-name\" \/><\/span> <\/label>\n<\/p>\n<p><label> Votre adresse e-mail<br \/>\n<span class=\"wpcf7-form-control-wrap\" data-name=\"your-email\"><input size=\"40\" maxlength=\"400\" class=\"wpcf7-form-control wpcf7-email wpcf7-validates-as-required wpcf7-text wpcf7-validates-as-email\" autocomplete=\"email\" aria-required=\"true\" aria-invalid=\"false\" value=\"\" type=\"email\" name=\"your-email\" \/><\/span> <\/label>\n<\/p>\n<p><label> Objet<br \/>\n<span class=\"wpcf7-form-control-wrap\" data-name=\"your-subject\"><input size=\"40\" maxlength=\"400\" class=\"wpcf7-form-control wpcf7-text wpcf7-validates-as-required\" aria-required=\"true\" aria-invalid=\"false\" value=\"\" type=\"text\" name=\"your-subject\" \/><\/span> <\/label>\n<\/p>\n<p><label> Votre message<br \/>\n<span class=\"wpcf7-form-control-wrap\" data-name=\"your-message\"><textarea cols=\"40\" rows=\"10\" maxlength=\"2000\" class=\"wpcf7-form-control wpcf7-textarea\" aria-invalid=\"false\" name=\"your-message\"><\/textarea><\/span> <\/label>\n<\/p>\n<p><span class=\"wpcf7-form-control-wrap\" data-name=\"acceptance-322\"><span class=\"wpcf7-form-control wpcf7-acceptance\"><span class=\"wpcf7-list-item\"><label><input type=\"checkbox\" name=\"acceptance-322\" value=\"1\" aria-invalid=\"false\" \/><span class=\"wpcf7-list-item-label\"><a href=\"\/datenschutzerklaerung\/\">J'accepte la politique de confidentialit\u00e9<\/a><\/span><\/label><\/span><\/span><\/span>\n<\/p>\n<p><input class=\"wpcf7-form-control wpcf7-submit has-spinner\" type=\"submit\" value=\"Envoyer\" \/>\n<\/p><div class=\"wpcf7-response-output\" aria-hidden=\"true\"><\/div>\n<\/form>\n<\/div>\n<\/h3>\n[\/vc_column_text][\/vc_column][vc_column width=\u00a0\u00bb1\/2&Prime;][vc_column_text css=\u00a0\u00bb\u00a0\u00bb]\n<h2 style=\"text-align: center;\">VEGGIECUS<\/h2>\n<p class=\"p1\" style=\"text-align: center;\">distribu\u00e9e par<\/p>\n<p class=\"p1\" style=\"text-align: center;\"><b>Rietmann France<\/b><b><\/b><\/p>\n<blockquote>\n<div>\n<div dir=\"ltr\">\n<div dir=\"ltr\">\n<div>\n<div>\n<div class=\"gmail_default\">\n<div>\n<div class=\"gmail_signature\" dir=\"ltr\" data-smartmail=\"gmail_signature\">\n<div dir=\"ltr\">\n<div style=\"text-align: center;\">Patrick Beckrich<\/div>\n<div style=\"text-align: center;\">+33 972 442 739<\/div>\n<\/div>\n<\/div>\n<\/div>\n<\/div>\n<\/div>\n<\/div>\n<\/div>\n<\/div>\n<\/div>\n<\/blockquote>\n<p class=\"p1\" style=\"text-align: center;\">3, rue de l\u2018Industrie 67320 Thal-Drulingen<\/p>\n<p class=\"p1\" style=\"text-align: center;\">www.rietmann.fr<\/p>\n<p class=\"p1\" style=\"text-align: center;\">fabriqu\u00e9e par<\/p>\n<p class=\"p1\" style=\"text-align: center;\"><b>Koordination Krafticus GmbH<\/b><b><\/b><\/p>\n<p class=\"p1\" style=\"text-align: center;\">Grostrowstra\u00dfe 1, 66740 Saarlouis, Allemagne<\/p>\n<p class=\"p1\" style=\"text-align: center;\">www.krafticus.de<\/p>\n[\/vc_column_text][\/vc_column][\/vc_row][vc_row][vc_column][vc_empty_space height=\u00a0\u00bb160px\u00a0\u00bb][\/vc_column][\/vc_row]\n<\/div>","protected":false},"excerpt":{"rendered":"<p>[vc_row thb_full_width=\u00a0\u00bbtrue\u00a0\u00bb el_class=\u00a0\u00bbvideo-banner\u00a0\u00bb][vc_column el_class=\u00a0\u00bbvideo-banner-left\u00a0\u00bb][vc_goo_maps location=\u00a0\u00bb67320 Thal-Drulingen, France\u00a0\u00bb height=\u00a0\u00bb1000px\u00a0\u00bb zoom=\u00a0\u00bb15&Prime; css=\u00a0\u00bb\u00a0\u00bb][\/vc_column][\/vc_row][vc_row][vc_column][vc_empty_space height=\u00a0\u00bb100px\u00a0\u00bb][vc_column_text css=\u00a0\u00bb.vc_custom_1759912436152{margin-bottom: 70px !important;}\u00a0\u00bb el_class=\u00a0\u00bbcontact-form\u00a0\u00bb] Simple. Contactez-nous. [\/vc_column_text][vc_empty_space height=\u00a0\u00bb60px\u00a0\u00bb][vc_column_text css=\u00a0\u00bb\u00a0\u00bb el_class=\u00a0\u00bbcontact-form\u00a0\u00bb]Nous sommes impatients d\u2019\u00e9changer avec vous.[\/vc_column_text][vc_empty_space height=\u00a0\u00bb160px\u00a0\u00bb][\/vc_column][\/vc_row][vc_row][vc_column width=\u00a0\u00bb1\/2&Prime; el_class=\u00a0\u00bbtext-white\u00a0\u00bb][vc_column_text css=\u00a0\u00bb\u00a0\u00bb el_class=\u00a0\u00bbcontact-form\u00a0\u00bb] [\/vc_column_text][\/vc_column][vc_column width=\u00a0\u00bb1\/2&Prime;][vc_column_text css=\u00a0\u00bb\u00a0\u00bb] VEGGIECUS distribu\u00e9e par Rietmann France Patrick Beckrich +33 972 442 739 3, rue de l\u2018Industrie 67320 Thal-Drulingen www.rietmann.fr fabriqu\u00e9e par Koordination&hellip;<\/p>\n","protected":false},"author":1,"featured_media":0,"parent":0,"menu_order":0,"comment_status":"closed","ping_status":"closed","template":"","meta":{"footnotes":""},"class_list":["post-885","page","type-page","status-publish","hentry"],"yoast_head":"<!-- This site is optimized with the Yoast SEO plugin v27.2 - https:\/\/yoast.com\/product\/yoast-seo-wordpress\/ -->\n<title>Contact - VEGGIECUS<\/title>\n<meta name=\"description\" content=\"Vous avez des questions ? Voici nos coordonn\u00e9es pour toute demande et pour un \u00e9change personnalis\u00e9 avec nous.\" \/>\n<meta name=\"robots\" content=\"index, follow, max-snippet:-1, max-image-preview:large, max-video-preview:-1\" \/>\n<link rel=\"canonical\" href=\"https:\/\/www.veggiecus.de\/fr\/contact\/\" \/>\n<meta property=\"og:locale\" content=\"fr_FR\" \/>\n<meta property=\"og:type\" content=\"article\" \/>\n<meta property=\"og:title\" content=\"Contact - VEGGIECUS\" \/>\n<meta property=\"og:description\" content=\"Vous avez des questions ? Voici nos coordonn\u00e9es pour toute demande et pour un \u00e9change personnalis\u00e9 avec nous.\" \/>\n<meta property=\"og:url\" content=\"https:\/\/www.veggiecus.de\/fr\/contact\/\" \/>\n<meta property=\"og:site_name\" content=\"VEGGIECUS\" \/>\n<meta property=\"article:modified_time\" content=\"2026-02-13T08:48:04+00:00\" \/>\n<meta name=\"twitter:card\" content=\"summary_large_image\" \/>\n<meta name=\"twitter:label1\" content=\"Dur\u00e9e de lecture estim\u00e9e\" \/>\n\t<meta name=\"twitter:data1\" content=\"1 minute\" \/>\n<script type=\"application\/ld+json\" class=\"yoast-schema-graph\">{\"@context\":\"https:\/\/schema.org\",\"@graph\":[{\"@type\":\"WebPage\",\"@id\":\"https:\/\/www.veggiecus.de\/fr\/contact\/\",\"url\":\"https:\/\/www.veggiecus.de\/fr\/contact\/\",\"name\":\"Contact - VEGGIECUS\",\"isPartOf\":{\"@id\":\"https:\/\/www.veggiecus.de\/fr\/#website\"},\"datePublished\":\"2025-04-07T08:35:35+00:00\",\"dateModified\":\"2026-02-13T08:48:04+00:00\",\"description\":\"Vous avez des questions ? Voici nos coordonn\u00e9es pour toute demande et pour un \u00e9change personnalis\u00e9 avec nous.\",\"breadcrumb\":{\"@id\":\"https:\/\/www.veggiecus.de\/fr\/contact\/#breadcrumb\"},\"inLanguage\":\"fr-FR\",\"potentialAction\":[{\"@type\":\"ReadAction\",\"target\":[\"https:\/\/www.veggiecus.de\/fr\/contact\/\"]}]},{\"@type\":\"BreadcrumbList\",\"@id\":\"https:\/\/www.veggiecus.de\/fr\/contact\/#breadcrumb\",\"itemListElement\":[{\"@type\":\"ListItem\",\"position\":1,\"name\":\"Startseite\",\"item\":\"https:\/\/www.veggiecus.de\/fr\/\"},{\"@type\":\"ListItem\",\"position\":2,\"name\":\"Contact\"}]},{\"@type\":\"WebSite\",\"@id\":\"https:\/\/www.veggiecus.de\/fr\/#website\",\"url\":\"https:\/\/www.veggiecus.de\/fr\/\",\"name\":\"VEGGIECUS - Plant Based Made Easy\",\"description\":\"Plant Based Made Easy\",\"publisher\":{\"@id\":\"https:\/\/www.veggiecus.de\/fr\/#organization\"},\"potentialAction\":[{\"@type\":\"SearchAction\",\"target\":{\"@type\":\"EntryPoint\",\"urlTemplate\":\"https:\/\/www.veggiecus.de\/fr\/?s={search_term_string}\"},\"query-input\":{\"@type\":\"PropertyValueSpecification\",\"valueRequired\":true,\"valueName\":\"search_term_string\"}}],\"inLanguage\":\"fr-FR\"},{\"@type\":\"Organization\",\"@id\":\"https:\/\/www.veggiecus.de\/fr\/#organization\",\"name\":\"VEGGIECUS by Koordination Krafticus GmbH\",\"url\":\"https:\/\/www.veggiecus.de\/fr\/\",\"logo\":{\"@type\":\"ImageObject\",\"inLanguage\":\"fr-FR\",\"@id\":\"https:\/\/www.veggiecus.de\/fr\/#\/schema\/logo\/image\/\",\"url\":\"https:\/\/www.veggiecus.de\/wp-content\/uploads\/2025\/03\/veggiecus-logo-mitrand-2.png\",\"contentUrl\":\"https:\/\/www.veggiecus.de\/wp-content\/uploads\/2025\/03\/veggiecus-logo-mitrand-2.png\",\"width\":751,\"height\":403,\"caption\":\"VEGGIECUS by Koordination Krafticus GmbH\"},\"image\":{\"@id\":\"https:\/\/www.veggiecus.de\/fr\/#\/schema\/logo\/image\/\"},\"sameAs\":[\"https:\/\/www.linkedin.com\/company\/veggiecus\/\",\"https:\/\/www.youtube.com\/@veggiecus325\"]}]}<\/script>\n<!-- \/ Yoast SEO plugin. -->","yoast_head_json":{"title":"Contact - VEGGIECUS","description":"Vous avez des questions ? Voici nos coordonn\u00e9es pour toute demande et pour un \u00e9change personnalis\u00e9 avec nous.","robots":{"index":"index","follow":"follow","max-snippet":"max-snippet:-1","max-image-preview":"max-image-preview:large","max-video-preview":"max-video-preview:-1"},"canonical":"https:\/\/www.veggiecus.de\/fr\/contact\/","og_locale":"fr_FR","og_type":"article","og_title":"Contact - VEGGIECUS","og_description":"Vous avez des questions ? Voici nos coordonn\u00e9es pour toute demande et pour un \u00e9change personnalis\u00e9 avec nous.","og_url":"https:\/\/www.veggiecus.de\/fr\/contact\/","og_site_name":"VEGGIECUS","article_modified_time":"2026-02-13T08:48:04+00:00","twitter_card":"summary_large_image","twitter_misc":{"Dur\u00e9e de lecture estim\u00e9e":"1 minute"},"schema":{"@context":"https:\/\/schema.org","@graph":[{"@type":"WebPage","@id":"https:\/\/www.veggiecus.de\/fr\/contact\/","url":"https:\/\/www.veggiecus.de\/fr\/contact\/","name":"Contact - VEGGIECUS","isPartOf":{"@id":"https:\/\/www.veggiecus.de\/fr\/#website"},"datePublished":"2025-04-07T08:35:35+00:00","dateModified":"2026-02-13T08:48:04+00:00","description":"Vous avez des questions ? Voici nos coordonn\u00e9es pour toute demande et pour un \u00e9change personnalis\u00e9 avec nous.","breadcrumb":{"@id":"https:\/\/www.veggiecus.de\/fr\/contact\/#breadcrumb"},"inLanguage":"fr-FR","potentialAction":[{"@type":"ReadAction","target":["https:\/\/www.veggiecus.de\/fr\/contact\/"]}]},{"@type":"BreadcrumbList","@id":"https:\/\/www.veggiecus.de\/fr\/contact\/#breadcrumb","itemListElement":[{"@type":"ListItem","position":1,"name":"Startseite","item":"https:\/\/www.veggiecus.de\/fr\/"},{"@type":"ListItem","position":2,"name":"Contact"}]},{"@type":"WebSite","@id":"https:\/\/www.veggiecus.de\/fr\/#website","url":"https:\/\/www.veggiecus.de\/fr\/","name":"VEGGIECUS - Plant Based Made Easy","description":"Plant Based Made Easy","publisher":{"@id":"https:\/\/www.veggiecus.de\/fr\/#organization"},"potentialAction":[{"@type":"SearchAction","target":{"@type":"EntryPoint","urlTemplate":"https:\/\/www.veggiecus.de\/fr\/?s={search_term_string}"},"query-input":{"@type":"PropertyValueSpecification","valueRequired":true,"valueName":"search_term_string"}}],"inLanguage":"fr-FR"},{"@type":"Organization","@id":"https:\/\/www.veggiecus.de\/fr\/#organization","name":"VEGGIECUS by Koordination Krafticus GmbH","url":"https:\/\/www.veggiecus.de\/fr\/","logo":{"@type":"ImageObject","inLanguage":"fr-FR","@id":"https:\/\/www.veggiecus.de\/fr\/#\/schema\/logo\/image\/","url":"https:\/\/www.veggiecus.de\/wp-content\/uploads\/2025\/03\/veggiecus-logo-mitrand-2.png","contentUrl":"https:\/\/www.veggiecus.de\/wp-content\/uploads\/2025\/03\/veggiecus-logo-mitrand-2.png","width":751,"height":403,"caption":"VEGGIECUS by Koordination Krafticus GmbH"},"image":{"@id":"https:\/\/www.veggiecus.de\/fr\/#\/schema\/logo\/image\/"},"sameAs":["https:\/\/www.linkedin.com\/company\/veggiecus\/","https:\/\/www.youtube.com\/@veggiecus325"]}]}},"_links":{"self":[{"href":"https:\/\/www.veggiecus.de\/fr\/wp-json\/wp\/v2\/pages\/885","targetHints":{"allow":["GET"]}}],"collection":[{"href":"https:\/\/www.veggiecus.de\/fr\/wp-json\/wp\/v2\/pages"}],"about":[{"href":"https:\/\/www.veggiecus.de\/fr\/wp-json\/wp\/v2\/types\/page"}],"author":[{"embeddable":true,"href":"https:\/\/www.veggiecus.de\/fr\/wp-json\/wp\/v2\/users\/1"}],"replies":[{"embeddable":true,"href":"https:\/\/www.veggiecus.de\/fr\/wp-json\/wp\/v2\/comments?post=885"}],"version-history":[{"count":0,"href":"https:\/\/www.veggiecus.de\/fr\/wp-json\/wp\/v2\/pages\/885\/revisions"}],"wp:attachment":[{"href":"https:\/\/www.veggiecus.de\/fr\/wp-json\/wp\/v2\/media?parent=885"}],"curies":[{"name":"wp","href":"https:\/\/api.w.org\/{rel}","templated":true}]}}