
{"id":888,"date":"2025-04-04T07:03:03","date_gmt":"2025-04-04T07:03:03","guid":{"rendered":"https:\/\/www.veggiecus.de\/conditions-de-livraison-et-de-paiement\/"},"modified":"2026-02-20T10:42:13","modified_gmt":"2026-02-20T10:42:13","slug":"conditions-de-livraison-et-de-paiement","status":"publish","type":"page","link":"https:\/\/www.veggiecus.de\/fr\/conditions-de-livraison-et-de-paiement\/","title":{"rendered":"Conditions de livraison et de paiement"},"content":{"rendered":"<div class=\"wpb-content-wrapper\">[vc_row][vc_column css=\u00a0\u00bb.vc_custom_1743750173876{padding-top: 10% !important;padding-bottom: 10% !important;}\u00a0\u00bb][vc_column_text css=\u00a0\u00bb\u00a0\u00bb]\n<h1 style=\"text-align: center;\" align=\"left\"><span style=\"font-family: Arial, sans-serif;\">Nos conditions de livraison et de paiement<\/span><\/h1>\n<blockquote>\n<div>\n<div dir=\"ltr\">\n<div>\n<div style=\"text-align: center;\">Nos livraisons sont exclusivement soumises \u00e0 une r\u00e9serve de propri\u00e9t\u00e9, c\u2019est-\u00e0-dire que la propri\u00e9t\u00e9 n\u2019est transf\u00e9r\u00e9e \u00e0 l\u2019acheteur qu\u2019une fois qu\u2019il a r\u00e9gl\u00e9 ses dettes issues de sa relation commerciale avec nous.\u00a0En cas de facture courante, la propri\u00e9t\u00e9 r\u00e9serv\u00e9e\u00a0est consid\u00e9r\u00e9e comme une garantie de notre cr\u00e9ance de solde. Si des lettres de change ou des ch\u00e8ques ont \u00e9t\u00e9 donn\u00e9s en paiement, seul l\u2019encaissement est consid\u00e9r\u00e9 comme un r\u00e8glement.<\/div>\n<\/div>\n<\/div>\n<\/div>\n<\/blockquote>\n<blockquote>\n<div>\n<div dir=\"ltr\">\n<div>\n<div style=\"text-align: center;\">En cas de transformation de la marchandise livr\u00e9e avec d\u2019autres marchandises ne nous appartenant pas par l\u2019acheteur, nous\u00a0revendiquons la propri\u00e9t\u00e9 de la nouvelle chose proportionnellement \u00e0 la valeur factur\u00e9e des marchandises transform\u00e9es par rapport au prix d\u2019acquisition des autres marchandises transform\u00e9es. En cas de revente de la marchandise, les cr\u00e9ances en r\u00e9sultant pour l\u2019acheteur nous sont d\u2019ores et d\u00e9j\u00e0 c\u00e9d\u00e9es. La cession s\u2019applique \u00e9galement si la marchandise a \u00e9t\u00e9 pr\u00e9alablement trait\u00e9e ou transform\u00e9e par l\u2019acheteur ou si elle est revendue \u00e0 plusieurs acheteurs.<\/div>\n<\/div>\n<\/div>\n<\/div>\n<\/blockquote>\n<blockquote>\n<div dir=\"ltr\">\n<div style=\"text-align: center;\">Les r\u00e9clamations apparentes doivent \u00eatre faites imm\u00e9diatement apr\u00e8s r\u00e9ception de la marchandise.<br \/>\nPaiement : 30 jours = net au comptant \u00e0 partir de la date de facturation<\/div>\n<div style=\"text-align: center;\">En cas de d\u00e9passement des d\u00e9lais de paiement, des int\u00e9r\u00eats bancaires courants seront factur\u00e9s.<\/div>\n<\/div>\n<\/blockquote>\n<p style=\"text-align: center;\"><span style=\"font-family: Arial, sans-serif;\">Tribunal comp\u00e9tent : Sarreguemines.<\/span><\/p>\n[\/vc_column_text][\/vc_column][\/vc_row]\n<\/div>","protected":false},"excerpt":{"rendered":"<p>[vc_row][vc_column css=\u00a0\u00bb.vc_custom_1743750173876{padding-top: 10% !important;padding-bottom: 10% !important;}\u00a0\u00bb][vc_column_text css=\u00a0\u00bb\u00a0\u00bb] Nos conditions de livraison et de paiement Nos livraisons sont exclusivement soumises \u00e0 une r\u00e9serve de propri\u00e9t\u00e9, c\u2019est-\u00e0-dire que la propri\u00e9t\u00e9 n\u2019est transf\u00e9r\u00e9e \u00e0 l\u2019acheteur qu\u2019une fois qu\u2019il a r\u00e9gl\u00e9 ses dettes issues de sa relation commerciale avec nous.\u00a0En cas de facture courante, la propri\u00e9t\u00e9 r\u00e9serv\u00e9e\u00a0est consid\u00e9r\u00e9e comme&hellip;<\/p>\n","protected":false},"author":2,"featured_media":0,"parent":0,"menu_order":0,"comment_status":"closed","ping_status":"closed","template":"","meta":{"footnotes":""},"class_list":["post-888","page","type-page","status-publish","hentry"],"yoast_head":"<!-- This site is optimized with the Yoast SEO plugin v27.2 - https:\/\/yoast.com\/product\/yoast-seo-wordpress\/ -->\n<title>Conditions de livraison et de paiement - VEGGIECUS<\/title>\n<meta name=\"description\" content=\"Apprenez-en davantage sur nos conditions de livraison et de paiement, ainsi que sur vos droits en tant qu\u2019acheteur.\" \/>\n<meta name=\"robots\" content=\"index, follow, max-snippet:-1, max-image-preview:large, max-video-preview:-1\" \/>\n<link rel=\"canonical\" href=\"https:\/\/www.veggiecus.de\/fr\/conditions-de-livraison-et-de-paiement\/\" \/>\n<meta property=\"og:locale\" content=\"fr_FR\" \/>\n<meta property=\"og:type\" content=\"article\" \/>\n<meta property=\"og:title\" content=\"Conditions de livraison et de paiement - VEGGIECUS\" \/>\n<meta property=\"og:description\" content=\"Apprenez-en davantage sur nos conditions de livraison et de paiement, ainsi que sur vos droits en tant qu\u2019acheteur.\" \/>\n<meta property=\"og:url\" content=\"https:\/\/www.veggiecus.de\/fr\/conditions-de-livraison-et-de-paiement\/\" \/>\n<meta property=\"og:site_name\" content=\"VEGGIECUS\" \/>\n<meta property=\"article:modified_time\" content=\"2026-02-20T10:42:13+00:00\" \/>\n<meta name=\"twitter:card\" content=\"summary_large_image\" \/>\n<meta name=\"twitter:label1\" content=\"Dur\u00e9e de lecture estim\u00e9e\" \/>\n\t<meta name=\"twitter:data1\" content=\"1 minute\" \/>\n<script type=\"application\/ld+json\" class=\"yoast-schema-graph\">{\"@context\":\"https:\/\/schema.org\",\"@graph\":[{\"@type\":\"WebPage\",\"@id\":\"https:\/\/www.veggiecus.de\/fr\/conditions-de-livraison-et-de-paiement\/\",\"url\":\"https:\/\/www.veggiecus.de\/fr\/conditions-de-livraison-et-de-paiement\/\",\"name\":\"Conditions de livraison et de paiement - VEGGIECUS\",\"isPartOf\":{\"@id\":\"https:\/\/www.veggiecus.de\/fr\/#website\"},\"datePublished\":\"2025-04-04T07:03:03+00:00\",\"dateModified\":\"2026-02-20T10:42:13+00:00\",\"description\":\"Apprenez-en davantage sur nos conditions de livraison et de paiement, ainsi que sur vos droits en tant qu\u2019acheteur.\",\"breadcrumb\":{\"@id\":\"https:\/\/www.veggiecus.de\/fr\/conditions-de-livraison-et-de-paiement\/#breadcrumb\"},\"inLanguage\":\"fr-FR\",\"potentialAction\":[{\"@type\":\"ReadAction\",\"target\":[\"https:\/\/www.veggiecus.de\/fr\/conditions-de-livraison-et-de-paiement\/\"]}]},{\"@type\":\"BreadcrumbList\",\"@id\":\"https:\/\/www.veggiecus.de\/fr\/conditions-de-livraison-et-de-paiement\/#breadcrumb\",\"itemListElement\":[{\"@type\":\"ListItem\",\"position\":1,\"name\":\"Startseite\",\"item\":\"https:\/\/www.veggiecus.de\/fr\/\"},{\"@type\":\"ListItem\",\"position\":2,\"name\":\"Conditions de livraison et de paiement\"}]},{\"@type\":\"WebSite\",\"@id\":\"https:\/\/www.veggiecus.de\/fr\/#website\",\"url\":\"https:\/\/www.veggiecus.de\/fr\/\",\"name\":\"VEGGIECUS - Plant Based Made Easy\",\"description\":\"Plant Based Made Easy\",\"publisher\":{\"@id\":\"https:\/\/www.veggiecus.de\/fr\/#organization\"},\"potentialAction\":[{\"@type\":\"SearchAction\",\"target\":{\"@type\":\"EntryPoint\",\"urlTemplate\":\"https:\/\/www.veggiecus.de\/fr\/?s={search_term_string}\"},\"query-input\":{\"@type\":\"PropertyValueSpecification\",\"valueRequired\":true,\"valueName\":\"search_term_string\"}}],\"inLanguage\":\"fr-FR\"},{\"@type\":\"Organization\",\"@id\":\"https:\/\/www.veggiecus.de\/fr\/#organization\",\"name\":\"VEGGIECUS by Koordination Krafticus GmbH\",\"url\":\"https:\/\/www.veggiecus.de\/fr\/\",\"logo\":{\"@type\":\"ImageObject\",\"inLanguage\":\"fr-FR\",\"@id\":\"https:\/\/www.veggiecus.de\/fr\/#\/schema\/logo\/image\/\",\"url\":\"https:\/\/www.veggiecus.de\/wp-content\/uploads\/2025\/03\/veggiecus-logo-mitrand-2.png\",\"contentUrl\":\"https:\/\/www.veggiecus.de\/wp-content\/uploads\/2025\/03\/veggiecus-logo-mitrand-2.png\",\"width\":751,\"height\":403,\"caption\":\"VEGGIECUS by Koordination Krafticus GmbH\"},\"image\":{\"@id\":\"https:\/\/www.veggiecus.de\/fr\/#\/schema\/logo\/image\/\"},\"sameAs\":[\"https:\/\/www.linkedin.com\/company\/veggiecus\/\",\"https:\/\/www.youtube.com\/@veggiecus325\"]}]}<\/script>\n<!-- \/ Yoast SEO plugin. -->","yoast_head_json":{"title":"Conditions de livraison et de paiement - VEGGIECUS","description":"Apprenez-en davantage sur nos conditions de livraison et de paiement, ainsi que sur vos droits en tant qu\u2019acheteur.","robots":{"index":"index","follow":"follow","max-snippet":"max-snippet:-1","max-image-preview":"max-image-preview:large","max-video-preview":"max-video-preview:-1"},"canonical":"https:\/\/www.veggiecus.de\/fr\/conditions-de-livraison-et-de-paiement\/","og_locale":"fr_FR","og_type":"article","og_title":"Conditions de livraison et de paiement - VEGGIECUS","og_description":"Apprenez-en davantage sur nos conditions de livraison et de paiement, ainsi que sur vos droits en tant qu\u2019acheteur.","og_url":"https:\/\/www.veggiecus.de\/fr\/conditions-de-livraison-et-de-paiement\/","og_site_name":"VEGGIECUS","article_modified_time":"2026-02-20T10:42:13+00:00","twitter_card":"summary_large_image","twitter_misc":{"Dur\u00e9e de lecture estim\u00e9e":"1 minute"},"schema":{"@context":"https:\/\/schema.org","@graph":[{"@type":"WebPage","@id":"https:\/\/www.veggiecus.de\/fr\/conditions-de-livraison-et-de-paiement\/","url":"https:\/\/www.veggiecus.de\/fr\/conditions-de-livraison-et-de-paiement\/","name":"Conditions de livraison et de paiement - VEGGIECUS","isPartOf":{"@id":"https:\/\/www.veggiecus.de\/fr\/#website"},"datePublished":"2025-04-04T07:03:03+00:00","dateModified":"2026-02-20T10:42:13+00:00","description":"Apprenez-en davantage sur nos conditions de livraison et de paiement, ainsi que sur vos droits en tant qu\u2019acheteur.","breadcrumb":{"@id":"https:\/\/www.veggiecus.de\/fr\/conditions-de-livraison-et-de-paiement\/#breadcrumb"},"inLanguage":"fr-FR","potentialAction":[{"@type":"ReadAction","target":["https:\/\/www.veggiecus.de\/fr\/conditions-de-livraison-et-de-paiement\/"]}]},{"@type":"BreadcrumbList","@id":"https:\/\/www.veggiecus.de\/fr\/conditions-de-livraison-et-de-paiement\/#breadcrumb","itemListElement":[{"@type":"ListItem","position":1,"name":"Startseite","item":"https:\/\/www.veggiecus.de\/fr\/"},{"@type":"ListItem","position":2,"name":"Conditions de livraison et de paiement"}]},{"@type":"WebSite","@id":"https:\/\/www.veggiecus.de\/fr\/#website","url":"https:\/\/www.veggiecus.de\/fr\/","name":"VEGGIECUS - Plant Based Made Easy","description":"Plant Based Made Easy","publisher":{"@id":"https:\/\/www.veggiecus.de\/fr\/#organization"},"potentialAction":[{"@type":"SearchAction","target":{"@type":"EntryPoint","urlTemplate":"https:\/\/www.veggiecus.de\/fr\/?s={search_term_string}"},"query-input":{"@type":"PropertyValueSpecification","valueRequired":true,"valueName":"search_term_string"}}],"inLanguage":"fr-FR"},{"@type":"Organization","@id":"https:\/\/www.veggiecus.de\/fr\/#organization","name":"VEGGIECUS by Koordination Krafticus GmbH","url":"https:\/\/www.veggiecus.de\/fr\/","logo":{"@type":"ImageObject","inLanguage":"fr-FR","@id":"https:\/\/www.veggiecus.de\/fr\/#\/schema\/logo\/image\/","url":"https:\/\/www.veggiecus.de\/wp-content\/uploads\/2025\/03\/veggiecus-logo-mitrand-2.png","contentUrl":"https:\/\/www.veggiecus.de\/wp-content\/uploads\/2025\/03\/veggiecus-logo-mitrand-2.png","width":751,"height":403,"caption":"VEGGIECUS by Koordination Krafticus GmbH"},"image":{"@id":"https:\/\/www.veggiecus.de\/fr\/#\/schema\/logo\/image\/"},"sameAs":["https:\/\/www.linkedin.com\/company\/veggiecus\/","https:\/\/www.youtube.com\/@veggiecus325"]}]}},"_links":{"self":[{"href":"https:\/\/www.veggiecus.de\/fr\/wp-json\/wp\/v2\/pages\/888","targetHints":{"allow":["GET"]}}],"collection":[{"href":"https:\/\/www.veggiecus.de\/fr\/wp-json\/wp\/v2\/pages"}],"about":[{"href":"https:\/\/www.veggiecus.de\/fr\/wp-json\/wp\/v2\/types\/page"}],"author":[{"embeddable":true,"href":"https:\/\/www.veggiecus.de\/fr\/wp-json\/wp\/v2\/users\/2"}],"replies":[{"embeddable":true,"href":"https:\/\/www.veggiecus.de\/fr\/wp-json\/wp\/v2\/comments?post=888"}],"version-history":[{"count":0,"href":"https:\/\/www.veggiecus.de\/fr\/wp-json\/wp\/v2\/pages\/888\/revisions"}],"wp:attachment":[{"href":"https:\/\/www.veggiecus.de\/fr\/wp-json\/wp\/v2\/media?parent=888"}],"curies":[{"name":"wp","href":"https:\/\/api.w.org\/{rel}","templated":true}]}}