
{"id":891,"date":"2025-04-07T08:35:29","date_gmt":"2025-04-07T08:35:29","guid":{"rendered":"https:\/\/www.veggiecus.de\/melanges-secs\/"},"modified":"2026-03-04T07:27:26","modified_gmt":"2026-03-04T07:27:26","slug":"melanges-secs","status":"publish","type":"page","link":"https:\/\/www.veggiecus.de\/fr\/melanges-secs\/","title":{"rendered":"M\u00e9langes secs"},"content":{"rendered":"<div class=\"wpb-content-wrapper\">[vc_row thb_full_width=\u00a0\u00bbtrue\u00a0\u00bb css=\u00a0\u00bb.vc_custom_1762512990676{background-color: #005800 !important;}\u00a0\u00bb thb_video_bg=\u00a0\u00bb\/wp-content\/uploads\/2025\/04\/veggiecus_Grundanwendung_Gemuese_web.mp4&Prime; thb_video_muted=\u00a0\u00bbtrue\u00a0\u00bb el_class=\u00a0\u00bbvideo-banner\u00a0\u00bb][vc_column width=\u00a0\u00bb1\/2&Prime; el_class=\u00a0\u00bbvideo-banner-left\u00a0\u00bb][vc_row_inner][vc_column_inner css=\u00a0\u00bb.vc_custom_1743677717341{margin-left: 0px !important;padding-top: 20% !important;padding-right: 10% !important;padding-bottom: 20% !important;padding-left: 10% !important;}\u00a0\u00bb][vc_column_text css=\u00a0\u00bb\u00a0\u00bb el_class=\u00a0\u00bbtext-white\u00a0\u00bb]\n<h1 style=\"color: #ffffff;\">Simple. Pr\u00eat \u00e0 l\u2019emploi.<\/h1>\n[\/vc_column_text][\/vc_column_inner][\/vc_row_inner][\/vc_column][vc_column width=\u00a0\u00bb1\/2&Prime;][\/vc_column][\/vc_row][vc_row][vc_column][vc_empty_space height=\u00a0\u00bb140px\u00a0\u00bb][\/vc_column][\/vc_row][vc_row][vc_column width=\u00a0\u00bb1\/2&Prime; css=\u00a0\u00bb.vc_custom_1758192235545{padding-right: 2% !important;}\u00a0\u00bb][vc_column_text css=\u00a0\u00bb\u00a0\u00bb]\n<h2 style=\"text-align: right;\"><b><span style=\"color: #38761d;\">Un maximum de go\u00fbt, un minimum d\u2019effort.<\/span><\/b><\/h2>\n[\/vc_column_text][\/vc_column][vc_column width=\u00a0\u00bb1\/2&Prime; css=\u00a0\u00bb.vc_custom_1758192241691{padding-left: 2% !important;}\u00a0\u00bb][vc_column_text css=\u00a0\u00bb\u00a0\u00bb]\n<div>\n<div class=\"gmail_default\">Nos m\u00e9langes secs v\u00e9g\u00e9taux pour substituts de viande sont le moyen simple de cr\u00e9er vos propres produits\u00a0\u00e0 base de plantes.<\/div>\n<div class=\"gmail_default\">Nous pouvons \u00e9galement cr\u00e9er sur demande votre m\u00e9lange sur mesure et \u00e0 votre marque.<\/div>\n<\/div>\n[\/vc_column_text][\/vc_column][\/vc_row][vc_row][vc_column][vc_empty_space height=\u00a0\u00bb140px\u00a0\u00bb][\/vc_column][\/vc_row][vc_section css=\u00a0\u00bb.vc_custom_1759825445074{padding-top: 100px !important;padding-bottom: 100px !important;background: #005800 url(https:\/\/www.veggiecus.de\/wp-content\/uploads\/2025\/09\/greenarea-background-2-scaled.png?id=587) !important;background-position: center !important;background-repeat: no-repeat !important;background-size: cover !important;}\u00a0\u00bb el_class=\u00a0\u00bbgreen-area\u00a0\u00bb][vc_row][vc_column width=\u00a0\u00bb1\/2&Prime;]\t<div id=\"thb-image-69d44361a24c5\" class=\"caption-style1 animation scale alignleft   thb_image_link wp-caption \">\r\n\t  \t\t\t<div class=\"thb-image-inner size_100\">\r\n\t\t\t\t<img loading=\"lazy\" decoding=\"async\" width=\"1024\" height=\"768\" src=\"https:\/\/www.veggiecus.de\/wp-content\/uploads\/2025\/04\/veggiecus-chilisincarne.jpg\" class=\"thb_image   attachment-full\" alt=\"Veggiecus Chili Sin Carne\" title=\"veggiecus-chilisincarne\" srcset=\"https:\/\/www.veggiecus.de\/wp-content\/uploads\/2025\/04\/veggiecus-chilisincarne.jpg 1024w, https:\/\/www.veggiecus.de\/wp-content\/uploads\/2025\/04\/veggiecus-chilisincarne-300x225.jpg 300w, https:\/\/www.veggiecus.de\/wp-content\/uploads\/2025\/04\/veggiecus-chilisincarne-768x576.jpg 768w, https:\/\/www.veggiecus.de\/wp-content\/uploads\/2025\/04\/veggiecus-chilisincarne-150x113.jpg 150w, https:\/\/www.veggiecus.de\/wp-content\/uploads\/2025\/04\/veggiecus-chilisincarne-600x450.jpg 600w, https:\/\/www.veggiecus.de\/wp-content\/uploads\/2025\/04\/veggiecus-chilisincarne-900x675.jpg 900w, https:\/\/www.veggiecus.de\/wp-content\/uploads\/2025\/04\/veggiecus-chilisincarne-20x16.jpg 20w\" sizes=\"auto, (max-width: 1024px) 100vw, 1024px\" \/>\t\t\t\t\t\t\t<\/div>\r\n\t\t\t\t\t\t\t\t\t\t<style>\r\n\t\t\t\t#thb-image-69d44361a24c5,\r\n\t\t\t\t#thb-image-69d44361a24c5 img {\r\n\t\t\t\t\tborder-radius: 15px;\r\n\t\t\t\t}\r\n\t\t<\/style>\r\n\t\t<\/div>\r\n\t[\/vc_column][vc_column width=\u00a0\u00bb1\/2&Prime;][vc_column_text css=\u00a0\u00bb.vc_custom_1771313150607{padding-top: 35px !important;padding-bottom: 35px !important;}\u00a0\u00bb]Nos m\u00e9langes de base :<\/p>\n<h2 style=\"text-align: left;\">Simples. Universels.<\/h2>\n[\/vc_column_text][vc_column_text css=\u00a0\u00bb\u00a0\u00bb]Nos m\u00e9langes de base sont rapidement disponibles et id\u00e9aux pour tous ceux qui souhaitent se lancer imm\u00e9diatement. Ils r\u00e9ussissent en un tour de main, conviennent \u00e0 de nombreuses applications et peuvent \u00eatre affin\u00e9s avec pr\u00e9cision.[\/vc_column_text][vc_empty_space height=\u00a0\u00bb10px\u00a0\u00bb][vc_column_text css=\u00a0\u00bb\u00a0\u00bb]\n<ul>\n<li>Directement disponibles et utilisables<\/li>\n<li>Id\u00e9al pour des id\u00e9es de produits vari\u00e9es<\/li>\n<li>Personnalisation possible<\/li>\n<\/ul>\n[\/vc_column_text][vc_btn title=\u00a0\u00bbPlus d\u2019informations dans notre brochure\u00a0\u00bb align=\u00a0\u00bbleft\u00a0\u00bb css=\u00a0\u00bb.vc_custom_1772609244644{margin-top: 20px !important;}\u00a0\u00bb link=\u00a0\u00bburl:https%3A%2F%2Fwww.veggiecus.de%2Fwp-content%2Fuploads%2F2026%2F03%2Fmelanges-secs-web-FR.pdf|title:Brochure%20M%C3%A9langes%20secs|target:_blank\u00a0\u00bb data-gt-href-en=\u00a0\u00bburl:%2Fwp-content%2Fuploads%2F2025%2F10%2Fbroschuere-Mischungen-EN.pdf\u00a0\u00bb][\/vc_column][\/vc_row][\/vc_section][vc_row][vc_column][vc_empty_space height=\u00a0\u00bb140px\u00a0\u00bb][\/vc_column][\/vc_row][vc_section css=\u00a0\u00bb.vc_custom_1759822284455{background-position: center !important;background-repeat: no-repeat !important;background-size: contain !important;}\u00a0\u00bb][vc_row][vc_column][vc_column_text css=\u00a0\u00bb\u00a0\u00bb]\n<h2>Nos m\u00e9langes de base<\/h2>\n[\/vc_column_text][\/vc_column][\/vc_row][vc_row thb_full_width=\u00a0\u00bbtrue\u00a0\u00bb thb_row_padding=\u00a0\u00bbtrue\u00a0\u00bb][vc_column][\/vc_column][\/vc_row][\/vc_section][vc_section css=\u00a0\u00bb.vc_custom_1759139075674{padding-top: 100px !important;padding-bottom: 100px !important;background-position: center !important;background-repeat: no-repeat !important;background-size: cover !important;}\u00a0\u00bb][\/vc_section][vc_section css=\u00a0\u00bb.vc_custom_1759918336709{padding-top: 100px !important;padding-bottom: 100px !important;background: #F3F3F0 url(https:\/\/www.veggiecus.de\/wp-content\/uploads\/2025\/10\/background-grey-area-scaled.png?id=699) !important;background-position: center !important;background-repeat: no-repeat !important;background-size: cover !important;}\u00a0\u00bb el_id=\u00a0\u00bbprivate-label-section\u00a0\u00bb][vc_row][vc_column css=\u00a0\u00bb.vc_custom_1759833920594{padding-right: 7% !important;padding-left: 7% !important;border-radius: 35px !important;}\u00a0\u00bb el_class=\u00a0\u00bbzweiwege-spalte\u00a0\u00bb][vc_column_text css=\u00a0\u00bb.vc_custom_1771313211724{padding-top: 35px !important;padding-bottom: 35px !important;}\u00a0\u00bb]\n<p style=\"text-align: left;\">Votre solution de marque priv\u00e9e :<\/p>\n<h2 style=\"text-align: left;\">Simple. Personnalis\u00e9e.<\/h2>\n[\/vc_column_text][vc_column_text css=\u00a0\u00bb\u00a0\u00bb]Vous avez l\u2019id\u00e9e de produit, nous fournissons la solution adapt\u00e9e ! Ensemble, nous d\u00e9veloppons le m\u00e9lange sec qui est pr\u00e9cis\u00e9ment adapt\u00e9 \u00e0 vos concepts et processus. Optimisez votre activit\u00e9 avec nous ![\/vc_column_text][vc_empty_space height=\u00a0\u00bb10px\u00a0\u00bb][vc_column_text css=\u00a0\u00bb.vc_custom_1771313225375{margin-bottom: 50px !important;}\u00a0\u00bb]\n<ul>\n<li>Sur mesure pour votre marque<\/li>\n<li>Recette 100 % personnalis\u00e9e<\/li>\n<li>Co-cr\u00e9ation en partenariat<\/li>\n<\/ul>\n[\/vc_column_text][vc_btn title=\u00a0\u00bbcontactez-nous\u00a0\u00bb align=\u00a0\u00bbleft\u00a0\u00bb css=\u00a0\u00bb.vc_custom_1771313238900{margin-top: 20px !important;}\u00a0\u00bb link=\u00a0\u00bburl:https%3A%2F%2Fwww.veggiecus.de%2Ffr%2Fcontact%2F|title:Demander%20maintenant%26nbsp%3B%21|\u00a0\u00bb][\/vc_column][\/vc_row][\/vc_section]\n<\/div>","protected":false},"excerpt":{"rendered":"<p>[vc_row thb_full_width=\u00a0\u00bbtrue\u00a0\u00bb css=\u00a0\u00bb.vc_custom_1762512990676{background-color: #005800 !important;}\u00a0\u00bb thb_video_bg=\u00a0\u00bb\/wp-content\/uploads\/2025\/04\/veggiecus_Grundanwendung_Gemuese_web.mp4&Prime; thb_video_muted=\u00a0\u00bbtrue\u00a0\u00bb el_class=\u00a0\u00bbvideo-banner\u00a0\u00bb][vc_column width=\u00a0\u00bb1\/2&Prime; el_class=\u00a0\u00bbvideo-banner-left\u00a0\u00bb][vc_row_inner][vc_column_inner css=\u00a0\u00bb.vc_custom_1743677717341{margin-left: 0px !important;padding-top: 20% !important;padding-right: 10% !important;padding-bottom: 20% !important;padding-left: 10% !important;}\u00a0\u00bb][vc_column_text css=\u00a0\u00bb\u00a0\u00bb el_class=\u00a0\u00bbtext-white\u00a0\u00bb] Simple. Pr\u00eat \u00e0 l\u2019emploi. [\/vc_column_text][\/vc_column_inner][\/vc_row_inner][\/vc_column][vc_column width=\u00a0\u00bb1\/2&Prime;][\/vc_column][\/vc_row][vc_row][vc_column][vc_empty_space height=\u00a0\u00bb140px\u00a0\u00bb][\/vc_column][\/vc_row][vc_row][vc_column width=\u00a0\u00bb1\/2&Prime; css=\u00a0\u00bb.vc_custom_1758192235545{padding-right: 2% !important;}\u00a0\u00bb][vc_column_text css=\u00a0\u00bb\u00a0\u00bb] Un maximum de go\u00fbt, un minimum d\u2019effort. [\/vc_column_text][\/vc_column][vc_column width=\u00a0\u00bb1\/2&Prime; css=\u00a0\u00bb.vc_custom_1758192241691{padding-left: 2% !important;}\u00a0\u00bb][vc_column_text css=\u00a0\u00bb\u00a0\u00bb] Nos m\u00e9langes secs v\u00e9g\u00e9taux pour substituts de&hellip;<\/p>\n","protected":false},"author":1,"featured_media":0,"parent":0,"menu_order":0,"comment_status":"closed","ping_status":"closed","template":"","meta":{"footnotes":""},"class_list":["post-891","page","type-page","status-publish","hentry"],"yoast_head":"<!-- This site is optimized with the Yoast SEO plugin v27.2 - https:\/\/yoast.com\/product\/yoast-seo-wordpress\/ -->\n<title>M\u00e9langes secs - VEGGIECUS<\/title>\n<meta name=\"description\" content=\"\ud83c\udf31 Les m\u00e9langes secs Veggiecus pour substituts de viande offrent une solution simple. Choisissez entre un m\u00e9lange de base ou une marque priv\u00e9e. \ud83c\udf31\" \/>\n<meta name=\"robots\" content=\"index, follow, max-snippet:-1, max-image-preview:large, max-video-preview:-1\" \/>\n<link rel=\"canonical\" href=\"https:\/\/www.veggiecus.de\/fr\/melanges-secs\/\" \/>\n<meta property=\"og:locale\" content=\"fr_FR\" \/>\n<meta property=\"og:type\" content=\"article\" \/>\n<meta property=\"og:title\" content=\"D\u00e9couvrez les m\u00e9langes secs v\u00e9g\u00e9taux pour substituts de viande\" \/>\n<meta property=\"og:description\" content=\"\ud83c\udf31 D\u00e9couvrez les m\u00e9langes secs v\u00e9g\u00e9taux pour substituts de viande. Simples et rapides pour vos propres produits Plant-Based.\" \/>\n<meta property=\"og:url\" content=\"https:\/\/www.veggiecus.de\/fr\/melanges-secs\/\" \/>\n<meta property=\"og:site_name\" content=\"VEGGIECUS\" \/>\n<meta property=\"article:modified_time\" content=\"2026-03-04T07:27:26+00:00\" \/>\n<meta property=\"og:image\" content=\"https:\/\/www.veggiecus.de\/wp-content\/uploads\/2025\/09\/trockenprodukte-1024x683.png\" \/>\n<meta name=\"twitter:card\" content=\"summary_large_image\" \/>\n<meta name=\"twitter:title\" content=\"D\u00e9couvrez les m\u00e9langes secs v\u00e9g\u00e9taux pour substituts de viande\" \/>\n<meta name=\"twitter:description\" content=\"\ud83c\udf31 D\u00e9couvrez les m\u00e9langes secs v\u00e9g\u00e9taux pour substituts de viande. Parfait pour vos propres produits Plant-Based.\" \/>\n<meta name=\"twitter:label1\" content=\"Dur\u00e9e de lecture estim\u00e9e\" \/>\n\t<meta name=\"twitter:data1\" content=\"2 minutes\" \/>\n<script type=\"application\/ld+json\" class=\"yoast-schema-graph\">{\"@context\":\"https:\/\/schema.org\",\"@graph\":[{\"@type\":\"WebPage\",\"@id\":\"https:\/\/www.veggiecus.de\/fr\/melanges-secs\/\",\"url\":\"https:\/\/www.veggiecus.de\/fr\/melanges-secs\/\",\"name\":\"M\u00e9langes secs - VEGGIECUS\",\"isPartOf\":{\"@id\":\"https:\/\/www.veggiecus.de\/fr\/#website\"},\"datePublished\":\"2025-04-07T08:35:29+00:00\",\"dateModified\":\"2026-03-04T07:27:26+00:00\",\"description\":\"\ud83c\udf31 Les m\u00e9langes secs Veggiecus pour substituts de viande offrent une solution simple. Choisissez entre un m\u00e9lange de base ou une marque priv\u00e9e. \ud83c\udf31\",\"breadcrumb\":{\"@id\":\"https:\/\/www.veggiecus.de\/fr\/melanges-secs\/#breadcrumb\"},\"inLanguage\":\"fr-FR\",\"potentialAction\":[{\"@type\":\"ReadAction\",\"target\":[\"https:\/\/www.veggiecus.de\/fr\/melanges-secs\/\"]}]},{\"@type\":\"BreadcrumbList\",\"@id\":\"https:\/\/www.veggiecus.de\/fr\/melanges-secs\/#breadcrumb\",\"itemListElement\":[{\"@type\":\"ListItem\",\"position\":1,\"name\":\"Startseite\",\"item\":\"https:\/\/www.veggiecus.de\/fr\/\"},{\"@type\":\"ListItem\",\"position\":2,\"name\":\"M\u00e9langes secs\"}]},{\"@type\":\"WebSite\",\"@id\":\"https:\/\/www.veggiecus.de\/fr\/#website\",\"url\":\"https:\/\/www.veggiecus.de\/fr\/\",\"name\":\"VEGGIECUS - Plant Based Made Easy\",\"description\":\"Plant Based Made Easy\",\"publisher\":{\"@id\":\"https:\/\/www.veggiecus.de\/fr\/#organization\"},\"potentialAction\":[{\"@type\":\"SearchAction\",\"target\":{\"@type\":\"EntryPoint\",\"urlTemplate\":\"https:\/\/www.veggiecus.de\/fr\/?s={search_term_string}\"},\"query-input\":{\"@type\":\"PropertyValueSpecification\",\"valueRequired\":true,\"valueName\":\"search_term_string\"}}],\"inLanguage\":\"fr-FR\"},{\"@type\":\"Organization\",\"@id\":\"https:\/\/www.veggiecus.de\/fr\/#organization\",\"name\":\"VEGGIECUS by Koordination Krafticus GmbH\",\"url\":\"https:\/\/www.veggiecus.de\/fr\/\",\"logo\":{\"@type\":\"ImageObject\",\"inLanguage\":\"fr-FR\",\"@id\":\"https:\/\/www.veggiecus.de\/fr\/#\/schema\/logo\/image\/\",\"url\":\"https:\/\/www.veggiecus.de\/wp-content\/uploads\/2025\/03\/veggiecus-logo-mitrand-2.png\",\"contentUrl\":\"https:\/\/www.veggiecus.de\/wp-content\/uploads\/2025\/03\/veggiecus-logo-mitrand-2.png\",\"width\":751,\"height\":403,\"caption\":\"VEGGIECUS by Koordination Krafticus GmbH\"},\"image\":{\"@id\":\"https:\/\/www.veggiecus.de\/fr\/#\/schema\/logo\/image\/\"},\"sameAs\":[\"https:\/\/www.linkedin.com\/company\/veggiecus\/\",\"https:\/\/www.youtube.com\/@veggiecus325\"]}]}<\/script>\n<!-- \/ Yoast SEO plugin. -->","yoast_head_json":{"title":"M\u00e9langes secs - VEGGIECUS","description":"\ud83c\udf31 Les m\u00e9langes secs Veggiecus pour substituts de viande offrent une solution simple. Choisissez entre un m\u00e9lange de base ou une marque priv\u00e9e. \ud83c\udf31","robots":{"index":"index","follow":"follow","max-snippet":"max-snippet:-1","max-image-preview":"max-image-preview:large","max-video-preview":"max-video-preview:-1"},"canonical":"https:\/\/www.veggiecus.de\/fr\/melanges-secs\/","og_locale":"fr_FR","og_type":"article","og_title":"D\u00e9couvrez les m\u00e9langes secs v\u00e9g\u00e9taux pour substituts de viande","og_description":"\ud83c\udf31 D\u00e9couvrez les m\u00e9langes secs v\u00e9g\u00e9taux pour substituts de viande. Simples et rapides pour vos propres produits Plant-Based.","og_url":"https:\/\/www.veggiecus.de\/fr\/melanges-secs\/","og_site_name":"VEGGIECUS","article_modified_time":"2026-03-04T07:27:26+00:00","og_image":[{"url":"https:\/\/www.veggiecus.de\/wp-content\/uploads\/2025\/09\/trockenprodukte-1024x683.png","type":"","width":"","height":""}],"twitter_card":"summary_large_image","twitter_title":"D\u00e9couvrez les m\u00e9langes secs v\u00e9g\u00e9taux pour substituts de viande","twitter_description":"\ud83c\udf31 D\u00e9couvrez les m\u00e9langes secs v\u00e9g\u00e9taux pour substituts de viande. Parfait pour vos propres produits Plant-Based.","twitter_misc":{"Dur\u00e9e de lecture estim\u00e9e":"2 minutes"},"schema":{"@context":"https:\/\/schema.org","@graph":[{"@type":"WebPage","@id":"https:\/\/www.veggiecus.de\/fr\/melanges-secs\/","url":"https:\/\/www.veggiecus.de\/fr\/melanges-secs\/","name":"M\u00e9langes secs - VEGGIECUS","isPartOf":{"@id":"https:\/\/www.veggiecus.de\/fr\/#website"},"datePublished":"2025-04-07T08:35:29+00:00","dateModified":"2026-03-04T07:27:26+00:00","description":"\ud83c\udf31 Les m\u00e9langes secs Veggiecus pour substituts de viande offrent une solution simple. Choisissez entre un m\u00e9lange de base ou une marque priv\u00e9e. \ud83c\udf31","breadcrumb":{"@id":"https:\/\/www.veggiecus.de\/fr\/melanges-secs\/#breadcrumb"},"inLanguage":"fr-FR","potentialAction":[{"@type":"ReadAction","target":["https:\/\/www.veggiecus.de\/fr\/melanges-secs\/"]}]},{"@type":"BreadcrumbList","@id":"https:\/\/www.veggiecus.de\/fr\/melanges-secs\/#breadcrumb","itemListElement":[{"@type":"ListItem","position":1,"name":"Startseite","item":"https:\/\/www.veggiecus.de\/fr\/"},{"@type":"ListItem","position":2,"name":"M\u00e9langes secs"}]},{"@type":"WebSite","@id":"https:\/\/www.veggiecus.de\/fr\/#website","url":"https:\/\/www.veggiecus.de\/fr\/","name":"VEGGIECUS - Plant Based Made Easy","description":"Plant Based Made Easy","publisher":{"@id":"https:\/\/www.veggiecus.de\/fr\/#organization"},"potentialAction":[{"@type":"SearchAction","target":{"@type":"EntryPoint","urlTemplate":"https:\/\/www.veggiecus.de\/fr\/?s={search_term_string}"},"query-input":{"@type":"PropertyValueSpecification","valueRequired":true,"valueName":"search_term_string"}}],"inLanguage":"fr-FR"},{"@type":"Organization","@id":"https:\/\/www.veggiecus.de\/fr\/#organization","name":"VEGGIECUS by Koordination Krafticus GmbH","url":"https:\/\/www.veggiecus.de\/fr\/","logo":{"@type":"ImageObject","inLanguage":"fr-FR","@id":"https:\/\/www.veggiecus.de\/fr\/#\/schema\/logo\/image\/","url":"https:\/\/www.veggiecus.de\/wp-content\/uploads\/2025\/03\/veggiecus-logo-mitrand-2.png","contentUrl":"https:\/\/www.veggiecus.de\/wp-content\/uploads\/2025\/03\/veggiecus-logo-mitrand-2.png","width":751,"height":403,"caption":"VEGGIECUS by Koordination Krafticus GmbH"},"image":{"@id":"https:\/\/www.veggiecus.de\/fr\/#\/schema\/logo\/image\/"},"sameAs":["https:\/\/www.linkedin.com\/company\/veggiecus\/","https:\/\/www.youtube.com\/@veggiecus325"]}]}},"_links":{"self":[{"href":"https:\/\/www.veggiecus.de\/fr\/wp-json\/wp\/v2\/pages\/891","targetHints":{"allow":["GET"]}}],"collection":[{"href":"https:\/\/www.veggiecus.de\/fr\/wp-json\/wp\/v2\/pages"}],"about":[{"href":"https:\/\/www.veggiecus.de\/fr\/wp-json\/wp\/v2\/types\/page"}],"author":[{"embeddable":true,"href":"https:\/\/www.veggiecus.de\/fr\/wp-json\/wp\/v2\/users\/1"}],"replies":[{"embeddable":true,"href":"https:\/\/www.veggiecus.de\/fr\/wp-json\/wp\/v2\/comments?post=891"}],"version-history":[{"count":0,"href":"https:\/\/www.veggiecus.de\/fr\/wp-json\/wp\/v2\/pages\/891\/revisions"}],"wp:attachment":[{"href":"https:\/\/www.veggiecus.de\/fr\/wp-json\/wp\/v2\/media?parent=891"}],"curies":[{"name":"wp","href":"https:\/\/api.w.org\/{rel}","templated":true}]}}