
{"id":896,"date":"2025-04-07T08:35:44","date_gmt":"2025-04-07T08:35:44","guid":{"rendered":"https:\/\/www.veggiecus.de\/a-propos-de-nous\/"},"modified":"2026-02-20T10:39:14","modified_gmt":"2026-02-20T10:39:14","slug":"a-propos-de-nous","status":"publish","type":"page","link":"https:\/\/www.veggiecus.de\/fr\/a-propos-de-nous\/","title":{"rendered":"\u00c0 propos de nous"},"content":{"rendered":"<div class=\"wpb-content-wrapper\">[vc_row thb_full_width=\u00a0\u00bbtrue\u00a0\u00bb css=\u00a0\u00bb.vc_custom_1764835168889{background-color: #005800 !important;}\u00a0\u00bb thb_video_bg=\u00a0\u00bb\/wp-content\/uploads\/2025\/12\/Image-kurz_1_1.mp4&Prime; el_class=\u00a0\u00bbvideo-banner\u00a0\u00bb][vc_column width=\u00a0\u00bb1\/2&Prime; el_class=\u00a0\u00bbvideo-banner-left\u00a0\u00bb][vc_row_inner][vc_column_inner css=\u00a0\u00bb.vc_custom_1743677717341{margin-left: 0px !important;padding-top: 20% !important;padding-right: 10% !important;padding-bottom: 20% !important;padding-left: 10% !important;}\u00a0\u00bb][vc_column_text css=\u00a0\u00bb\u00a0\u00bb el_class=\u00a0\u00bbtext-white\u00a0\u00bb]\n<h1 style=\"color: #ffffff;\">Simplement. Veggiecus.<\/h1>\n[\/vc_column_text][\/vc_column_inner][\/vc_row_inner][\/vc_column][vc_column width=\u00a0\u00bb1\/2&Prime;][\/vc_column][\/vc_row][vc_row][vc_column][vc_empty_space height=\u00a0\u00bb140px\u00a0\u00bb][\/vc_column][\/vc_row][vc_row][vc_column width=\u00a0\u00bb1\/2&Prime; css=\u00a0\u00bb.vc_custom_1758192235545{padding-right: 2% !important;}\u00a0\u00bb][vc_column_text css=\u00a0\u00bb\u00a0\u00bb]\n<h2 style=\"text-align: right;\"><span style=\"color: #005800;\">Nous simplifions votre d\u00e9veloppement dans l\u2019univers des produits v\u00e9g\u00e9taux.<\/span><\/h2>\n[\/vc_column_text][\/vc_column][vc_column width=\u00a0\u00bb1\/2&Prime; css=\u00a0\u00bb.vc_custom_1758192241691{padding-left: 2% !important;}\u00a0\u00bb][vc_column_text css=\u00a0\u00bb\u00a0\u00bb]Chez Veggiecus, nous d\u00e9veloppons des solutions v\u00e9g\u00e9tales sur mesure pour l\u2019industrie, la restauration et la gastronomie.<br \/>\nNotre expertise des m\u00e9langes secs, forg\u00e9e par des ann\u00e9es de formulation, nous permet d\u2019anticiper les attentes du march\u00e9 et de transformer les id\u00e9es en produits fiables et performants.<br \/>\nNous travaillons en partenaires, avec une seule boussole : des r\u00e9sultats mesurables.[\/vc_column_text][\/vc_column][\/vc_row][vc_row][vc_column][vc_empty_space height=\u00a0\u00bb140px\u00a0\u00bb][\/vc_column][\/vc_row][vc_section css=\u00a0\u00bb.vc_custom_1759224323124{padding-top: 100px !important;padding-bottom: 100px !important;background: #005800 url(https:\/\/www.veggiecus.de\/wp-content\/uploads\/2025\/09\/greenarea-background-2-scaled.png?id=587) !important;background-position: center !important;background-repeat: no-repeat !important;background-size: cover !important;}\u00a0\u00bb el_class=\u00a0\u00bbgreen-area\u00a0\u00bb][vc_row][vc_column width=\u00a0\u00bb1\/2&Prime; css=\u00a0\u00bb.vc_custom_1758192235545{padding-right: 2% !important;}\u00a0\u00bb][vc_column_text css=\u00a0\u00bb\u00a0\u00bb]\n<h2 style=\"text-align: left;\">Avec plus de 50 ans d\u2019exp\u00e9rience&#8230;<\/h2>\n[\/vc_column_text][vc_column_text css=\u00a0\u00bb\u00a0\u00bb]Veggiecus est une marque de la soci\u00e9t\u00e9 familiale Theodor Rietmann GmbH et est distribu\u00e9e par le biais de la coordination Krafticus GmbH. Ensemble, nous grandissons sur des bases solides\u00a0: plus de 50\u00a0ans de savoir-faire dans le d\u00e9veloppement de produits alimentaires, des normes de qualit\u00e9 les plus \u00e9lev\u00e9es et une conception de partenariat qui reste perceptible de la premi\u00e8re conversation \u00e0 la recette finale.[\/vc_column_text][\/vc_column][vc_column width=\u00a0\u00bb1\/2&Prime;][\/vc_column][\/vc_row][vc_row][vc_column width=\u00a0\u00bb1\/2&Prime; css=\u00a0\u00bb.vc_custom_1758192235545{padding-right: 2% !important;}\u00a0\u00bb][\/vc_column][vc_column width=\u00a0\u00bb1\/2&Prime; css=\u00a0\u00bb.vc_custom_1758192241691{padding-left: 2% !important;}\u00a0\u00bb][vc_column_text css=\u00a0\u00bb\u00a0\u00bb]\n<h2 style=\"text-align: left;\">&#8230; et une r\u00e9elle curiosit\u00e9 pour l\u2019avenir.<\/h2>\n[\/vc_column_text][vc_column_text css=\u00a0\u00bb\u00a0\u00bb]Du m\u00e9lange de base pr\u00eat \u00e0 l\u2019emploi au produit surgel\u00e9 d\u00e9velopp\u00e9 individuellement\u00a0: chez Veggiecus, chaque solution est cr\u00e9\u00e9e en \u00e9troite concertation avec nos clients. Nous travaillons rapidement, de mani\u00e8re pragmatique et toujours avec l\u2019ambition d\u2019offrir plus que la norme. \u00c0 savoir, des produits innovants qui correspondent parfaitement \u00e0 votre marque, \u00e0 vos processus et \u00e0 votre vision. Ou, en d\u2019autres termes\u00a0: votre recette du succ\u00e8s pour l\u2019avenir.[\/vc_column_text][\/vc_column][\/vc_row][\/vc_section][vc_row][vc_column][vc_empty_space height=\u00a0\u00bb140px\u00a0\u00bb][\/vc_column][\/vc_row][vc_section el_class=\u00a0\u00bbteam-foto-section\u00a0\u00bb][vc_row][vc_column width=\u00a0\u00bb1\/2&Prime; el_class=\u00a0\u00bbteam-foto\u00a0\u00bb]\t<div id=\"thb-image-69de306dceb46\" class=\"caption-style1  alignleft   thb_image_link wp-caption \">\r\n\t  \t\t\t<div class=\"thb-image-inner size_100\">\r\n\t\t\t\t<img loading=\"lazy\" decoding=\"async\" width=\"2400\" height=\"1601\" src=\"https:\/\/www.veggiecus.de\/wp-content\/uploads\/2025\/10\/Teambilder-Couch-2-1-1.jpg\" class=\"thb_image   attachment-full\" alt=\"The Veggiecus Team.\" title=\"Teambilder Couch 2 1\" srcset=\"https:\/\/www.veggiecus.de\/wp-content\/uploads\/2025\/10\/Teambilder-Couch-2-1-1.jpg 2400w, https:\/\/www.veggiecus.de\/wp-content\/uploads\/2025\/10\/Teambilder-Couch-2-1-1-300x200.jpg 300w, https:\/\/www.veggiecus.de\/wp-content\/uploads\/2025\/10\/Teambilder-Couch-2-1-1-1024x683.jpg 1024w, https:\/\/www.veggiecus.de\/wp-content\/uploads\/2025\/10\/Teambilder-Couch-2-1-1-768x512.jpg 768w, https:\/\/www.veggiecus.de\/wp-content\/uploads\/2025\/10\/Teambilder-Couch-2-1-1-1536x1025.jpg 1536w, https:\/\/www.veggiecus.de\/wp-content\/uploads\/2025\/10\/Teambilder-Couch-2-1-1-2048x1366.jpg 2048w, https:\/\/www.veggiecus.de\/wp-content\/uploads\/2025\/10\/Teambilder-Couch-2-1-1-150x100.jpg 150w, https:\/\/www.veggiecus.de\/wp-content\/uploads\/2025\/10\/Teambilder-Couch-2-1-1-600x400.jpg 600w, https:\/\/www.veggiecus.de\/wp-content\/uploads\/2025\/10\/Teambilder-Couch-2-1-1-900x600.jpg 900w, https:\/\/www.veggiecus.de\/wp-content\/uploads\/2025\/10\/Teambilder-Couch-2-1-1-20x13.jpg 20w\" sizes=\"auto, (max-width: 2400px) 100vw, 2400px\" \/>\t\t\t\t\t\t\t<\/div>\r\n\t\t\t\t\t\t\t\t\t\t<style>\r\n\t\t\t\t#thb-image-69de306dceb46,\r\n\t\t\t\t#thb-image-69de306dceb46 img {\r\n\t\t\t\t\tborder-radius: 15px;\r\n\t\t\t\t}\r\n\t\t<\/style>\r\n\t\t<\/div>\r\n\t[\/vc_column][vc_column width=\u00a0\u00bb1\/2&Prime;][vc_column_text css=\u00a0\u00bb\u00a0\u00bb]\n<h2 style=\"text-align: left;\">Simple. Contactez-nous.<\/h2>\n[\/vc_column_text][vc_column_text css=\u00a0\u00bb\u00a0\u00bb]Notre \u00e9quipe se r\u00e9jouit de votre demande.[\/vc_column_text][vc_btn title=\u00a0\u00bbVers le formulaire de contact\u00a0\u00bb align=\u00a0\u00bbleft\u00a0\u00bb css=\u00a0\u00bb.vc_custom_1759836572170{margin-top: 20px !important;}\u00a0\u00bb link=\u00a0\u00bburl:https%3A%2F%2Fwww.veggiecus.de%2Ffr%2Fcontact%2F|title:Vers%20le%20formulaire%20de%20contact|\u00a0\u00bb][\/vc_column][\/vc_row][\/vc_section][vc_row][vc_column][vc_empty_space height=\u00a0\u00bb140px\u00a0\u00bb][\/vc_column][\/vc_row][vc_section css=\u00a0\u00bb.vc_custom_1759836053673{padding-top: 100px !important;padding-bottom: 100px !important;background-color: #F3F3F0 !important;background-position: center !important;background-repeat: no-repeat !important;background-size: cover !important;}\u00a0\u00bb][vc_row][vc_column width=\u00a0\u00bb1\/2&Prime;][vc_column_text css=\u00a0\u00bb\u00a0\u00bb]\n<h2>Simplement. Certifi\u00e9.<\/h2>\n[\/vc_column_text][vc_column_text css=\u00a0\u00bb.vc_custom_1759996111792{margin-top: 20px !important;}\u00a0\u00bb]Nous attachons de l\u2019importance aux normes les plus \u00e9lev\u00e9es et les faisons confirmer de mani\u00e8re ind\u00e9pendante. Nos certificats attestent de la qualit\u00e9, de la s\u00e9curit\u00e9 et de la transparence tout au long de la cha\u00eene de production. Les certifications IFS annuelles ainsi que dans le domaine halal sont une \u00e9vidence pour nous. Nous r\u00e9pondons \u00e9galement aux audits et certifications \u00e0 la demande du client dans la mesure du possible.[\/vc_column_text][vc_btn title=\u00a0\u00bbCertificat IFS\u00a0\u00bb align=\u00a0\u00bbcenter\u00a0\u00bb css=\u00a0\u00bb.vc_custom_1759912020153{margin-top: 20px !important;}\u00a0\u00bb link=\u00a0\u00bburl:%2Fwp-content%2Fuploads%2F2025%2F10%2FIFS-Krafticus_27.08.2026.pdf|title:Certificat%20IFS|target:_blank|\u00a0\u00bb][vc_btn title=\u00a0\u00bbCertificat halal\u00a0\u00bb align=\u00a0\u00bbcenter\u00a0\u00bb css=\u00a0\u00bb.vc_custom_1759835219203{margin-top: 20px !important;}\u00a0\u00bb link=\u00a0\u00bburl:%2Fwp-content%2Fuploads%2F2025%2F04%2F2025-12-31-Halal-veganmoi-1.pdf|title:Certificat%20halal|target:_blank|\u00a0\u00bb][\/vc_column][vc_column width=\u00a0\u00bb1\/2&Prime;]\t<div id=\"thb-image-69de306dcf3bb\" class=\"caption-style1 animation right-to-left alignleft   thb_image_link wp-caption \">\r\n\t  \t\t\t<div class=\"thb-image-inner size_100\">\r\n\t\t\t\t<img loading=\"lazy\" decoding=\"async\" width=\"1024\" height=\"768\" src=\"https:\/\/www.veggiecus.de\/wp-content\/uploads\/2025\/04\/zertifizierung.png\" class=\"thb_image   attachment-full\" alt=\"\" title=\"zertifizierung\" srcset=\"https:\/\/www.veggiecus.de\/wp-content\/uploads\/2025\/04\/zertifizierung.png 1024w, https:\/\/www.veggiecus.de\/wp-content\/uploads\/2025\/04\/zertifizierung-300x225.png 300w, https:\/\/www.veggiecus.de\/wp-content\/uploads\/2025\/04\/zertifizierung-768x576.png 768w, https:\/\/www.veggiecus.de\/wp-content\/uploads\/2025\/04\/zertifizierung-150x113.png 150w, https:\/\/www.veggiecus.de\/wp-content\/uploads\/2025\/04\/zertifizierung-600x450.png 600w, https:\/\/www.veggiecus.de\/wp-content\/uploads\/2025\/04\/zertifizierung-900x675.png 900w, https:\/\/www.veggiecus.de\/wp-content\/uploads\/2025\/04\/zertifizierung-20x16.png 20w\" sizes=\"auto, (max-width: 1024px) 100vw, 1024px\" \/>\t\t\t\t\t\t\t<\/div>\r\n\t\t\t\t\t\t\t\t\t<\/div>\r\n\t[\/vc_column][\/vc_row][\/vc_section]\n<\/div>","protected":false},"excerpt":{"rendered":"<p>[vc_row thb_full_width=\u00a0\u00bbtrue\u00a0\u00bb css=\u00a0\u00bb.vc_custom_1764835168889{background-color: #005800 !important;}\u00a0\u00bb thb_video_bg=\u00a0\u00bb\/wp-content\/uploads\/2025\/12\/Image-kurz_1_1.mp4&Prime; el_class=\u00a0\u00bbvideo-banner\u00a0\u00bb][vc_column width=\u00a0\u00bb1\/2&Prime; el_class=\u00a0\u00bbvideo-banner-left\u00a0\u00bb][vc_row_inner][vc_column_inner css=\u00a0\u00bb.vc_custom_1743677717341{margin-left: 0px !important;padding-top: 20% !important;padding-right: 10% !important;padding-bottom: 20% !important;padding-left: 10% !important;}\u00a0\u00bb][vc_column_text css=\u00a0\u00bb\u00a0\u00bb el_class=\u00a0\u00bbtext-white\u00a0\u00bb] Simplement. Veggiecus. [\/vc_column_text][\/vc_column_inner][\/vc_row_inner][\/vc_column][vc_column width=\u00a0\u00bb1\/2&Prime;][\/vc_column][\/vc_row][vc_row][vc_column][vc_empty_space height=\u00a0\u00bb140px\u00a0\u00bb][\/vc_column][\/vc_row][vc_row][vc_column width=\u00a0\u00bb1\/2&Prime; css=\u00a0\u00bb.vc_custom_1758192235545{padding-right: 2% !important;}\u00a0\u00bb][vc_column_text css=\u00a0\u00bb\u00a0\u00bb] Nous simplifions votre d\u00e9veloppement dans l\u2019univers des produits v\u00e9g\u00e9taux. [\/vc_column_text][\/vc_column][vc_column width=\u00a0\u00bb1\/2&Prime; css=\u00a0\u00bb.vc_custom_1758192241691{padding-left: 2% !important;}\u00a0\u00bb][vc_column_text css=\u00a0\u00bb\u00a0\u00bb]Chez Veggiecus, nous d\u00e9veloppons des solutions v\u00e9g\u00e9tales sur mesure&hellip;<\/p>\n","protected":false},"author":1,"featured_media":0,"parent":0,"menu_order":0,"comment_status":"closed","ping_status":"closed","template":"","meta":{"footnotes":""},"class_list":["post-896","page","type-page","status-publish","hentry"],"yoast_head":"<!-- This site is optimized with the Yoast SEO plugin v27.2 - https:\/\/yoast.com\/product\/yoast-seo-wordpress\/ -->\n<title>\u00c0 propos de nous - VEGGIECUS<\/title>\n<meta name=\"description\" content=\"Chez Veggiecus, tout tourne autour des solutions \u00e0 base de plantes. Apprenez-en davantage sur nous et sur nos nombreuses ann\u00e9es d\u2019exp\u00e9rience.\" \/>\n<meta name=\"robots\" content=\"index, follow, max-snippet:-1, max-image-preview:large, max-video-preview:-1\" \/>\n<link rel=\"canonical\" href=\"https:\/\/www.veggiecus.de\/fr\/a-propos-de-nous\/\" \/>\n<meta property=\"og:locale\" content=\"fr_FR\" \/>\n<meta property=\"og:type\" content=\"article\" \/>\n<meta property=\"og:title\" content=\"\u00c0 propos de nous - VEGGIECUS\" \/>\n<meta property=\"og:description\" content=\"Chez Veggiecus, tout tourne autour des solutions \u00e0 base de plantes. Apprenez-en davantage sur nous et sur nos nombreuses ann\u00e9es d\u2019exp\u00e9rience.\" \/>\n<meta property=\"og:url\" content=\"https:\/\/www.veggiecus.de\/fr\/a-propos-de-nous\/\" \/>\n<meta property=\"og:site_name\" content=\"VEGGIECUS\" \/>\n<meta property=\"article:modified_time\" content=\"2026-02-20T10:39:14+00:00\" \/>\n<meta name=\"twitter:card\" content=\"summary_large_image\" \/>\n<meta name=\"twitter:label1\" content=\"Dur\u00e9e de lecture estim\u00e9e\" \/>\n\t<meta name=\"twitter:data1\" content=\"3 minutes\" \/>\n<script type=\"application\/ld+json\" class=\"yoast-schema-graph\">{\"@context\":\"https:\/\/schema.org\",\"@graph\":[{\"@type\":\"WebPage\",\"@id\":\"https:\/\/www.veggiecus.de\/fr\/a-propos-de-nous\/\",\"url\":\"https:\/\/www.veggiecus.de\/fr\/a-propos-de-nous\/\",\"name\":\"\u00c0 propos de nous - VEGGIECUS\",\"isPartOf\":{\"@id\":\"https:\/\/www.veggiecus.de\/fr\/#website\"},\"datePublished\":\"2025-04-07T08:35:44+00:00\",\"dateModified\":\"2026-02-20T10:39:14+00:00\",\"description\":\"Chez Veggiecus, tout tourne autour des solutions \u00e0 base de plantes. Apprenez-en davantage sur nous et sur nos nombreuses ann\u00e9es d\u2019exp\u00e9rience.\",\"breadcrumb\":{\"@id\":\"https:\/\/www.veggiecus.de\/fr\/a-propos-de-nous\/#breadcrumb\"},\"inLanguage\":\"fr-FR\",\"potentialAction\":[{\"@type\":\"ReadAction\",\"target\":[\"https:\/\/www.veggiecus.de\/fr\/a-propos-de-nous\/\"]}]},{\"@type\":\"BreadcrumbList\",\"@id\":\"https:\/\/www.veggiecus.de\/fr\/a-propos-de-nous\/#breadcrumb\",\"itemListElement\":[{\"@type\":\"ListItem\",\"position\":1,\"name\":\"Startseite\",\"item\":\"https:\/\/www.veggiecus.de\/fr\/\"},{\"@type\":\"ListItem\",\"position\":2,\"name\":\"\u00c0 propos de nous\"}]},{\"@type\":\"WebSite\",\"@id\":\"https:\/\/www.veggiecus.de\/fr\/#website\",\"url\":\"https:\/\/www.veggiecus.de\/fr\/\",\"name\":\"VEGGIECUS - Plant Based Made Easy\",\"description\":\"Plant Based Made Easy\",\"publisher\":{\"@id\":\"https:\/\/www.veggiecus.de\/fr\/#organization\"},\"potentialAction\":[{\"@type\":\"SearchAction\",\"target\":{\"@type\":\"EntryPoint\",\"urlTemplate\":\"https:\/\/www.veggiecus.de\/fr\/?s={search_term_string}\"},\"query-input\":{\"@type\":\"PropertyValueSpecification\",\"valueRequired\":true,\"valueName\":\"search_term_string\"}}],\"inLanguage\":\"fr-FR\"},{\"@type\":\"Organization\",\"@id\":\"https:\/\/www.veggiecus.de\/fr\/#organization\",\"name\":\"VEGGIECUS by Koordination Krafticus GmbH\",\"url\":\"https:\/\/www.veggiecus.de\/fr\/\",\"logo\":{\"@type\":\"ImageObject\",\"inLanguage\":\"fr-FR\",\"@id\":\"https:\/\/www.veggiecus.de\/fr\/#\/schema\/logo\/image\/\",\"url\":\"https:\/\/www.veggiecus.de\/wp-content\/uploads\/2025\/03\/veggiecus-logo-mitrand-2.png\",\"contentUrl\":\"https:\/\/www.veggiecus.de\/wp-content\/uploads\/2025\/03\/veggiecus-logo-mitrand-2.png\",\"width\":751,\"height\":403,\"caption\":\"VEGGIECUS by Koordination Krafticus GmbH\"},\"image\":{\"@id\":\"https:\/\/www.veggiecus.de\/fr\/#\/schema\/logo\/image\/\"},\"sameAs\":[\"https:\/\/www.linkedin.com\/company\/veggiecus\/\",\"https:\/\/www.youtube.com\/@veggiecus325\"]}]}<\/script>\n<!-- \/ Yoast SEO plugin. -->","yoast_head_json":{"title":"\u00c0 propos de nous - VEGGIECUS","description":"Chez Veggiecus, tout tourne autour des solutions \u00e0 base de plantes. Apprenez-en davantage sur nous et sur nos nombreuses ann\u00e9es d\u2019exp\u00e9rience.","robots":{"index":"index","follow":"follow","max-snippet":"max-snippet:-1","max-image-preview":"max-image-preview:large","max-video-preview":"max-video-preview:-1"},"canonical":"https:\/\/www.veggiecus.de\/fr\/a-propos-de-nous\/","og_locale":"fr_FR","og_type":"article","og_title":"\u00c0 propos de nous - VEGGIECUS","og_description":"Chez Veggiecus, tout tourne autour des solutions \u00e0 base de plantes. Apprenez-en davantage sur nous et sur nos nombreuses ann\u00e9es d\u2019exp\u00e9rience.","og_url":"https:\/\/www.veggiecus.de\/fr\/a-propos-de-nous\/","og_site_name":"VEGGIECUS","article_modified_time":"2026-02-20T10:39:14+00:00","twitter_card":"summary_large_image","twitter_misc":{"Dur\u00e9e de lecture estim\u00e9e":"3 minutes"},"schema":{"@context":"https:\/\/schema.org","@graph":[{"@type":"WebPage","@id":"https:\/\/www.veggiecus.de\/fr\/a-propos-de-nous\/","url":"https:\/\/www.veggiecus.de\/fr\/a-propos-de-nous\/","name":"\u00c0 propos de nous - VEGGIECUS","isPartOf":{"@id":"https:\/\/www.veggiecus.de\/fr\/#website"},"datePublished":"2025-04-07T08:35:44+00:00","dateModified":"2026-02-20T10:39:14+00:00","description":"Chez Veggiecus, tout tourne autour des solutions \u00e0 base de plantes. Apprenez-en davantage sur nous et sur nos nombreuses ann\u00e9es d\u2019exp\u00e9rience.","breadcrumb":{"@id":"https:\/\/www.veggiecus.de\/fr\/a-propos-de-nous\/#breadcrumb"},"inLanguage":"fr-FR","potentialAction":[{"@type":"ReadAction","target":["https:\/\/www.veggiecus.de\/fr\/a-propos-de-nous\/"]}]},{"@type":"BreadcrumbList","@id":"https:\/\/www.veggiecus.de\/fr\/a-propos-de-nous\/#breadcrumb","itemListElement":[{"@type":"ListItem","position":1,"name":"Startseite","item":"https:\/\/www.veggiecus.de\/fr\/"},{"@type":"ListItem","position":2,"name":"\u00c0 propos de nous"}]},{"@type":"WebSite","@id":"https:\/\/www.veggiecus.de\/fr\/#website","url":"https:\/\/www.veggiecus.de\/fr\/","name":"VEGGIECUS - Plant Based Made Easy","description":"Plant Based Made Easy","publisher":{"@id":"https:\/\/www.veggiecus.de\/fr\/#organization"},"potentialAction":[{"@type":"SearchAction","target":{"@type":"EntryPoint","urlTemplate":"https:\/\/www.veggiecus.de\/fr\/?s={search_term_string}"},"query-input":{"@type":"PropertyValueSpecification","valueRequired":true,"valueName":"search_term_string"}}],"inLanguage":"fr-FR"},{"@type":"Organization","@id":"https:\/\/www.veggiecus.de\/fr\/#organization","name":"VEGGIECUS by Koordination Krafticus GmbH","url":"https:\/\/www.veggiecus.de\/fr\/","logo":{"@type":"ImageObject","inLanguage":"fr-FR","@id":"https:\/\/www.veggiecus.de\/fr\/#\/schema\/logo\/image\/","url":"https:\/\/www.veggiecus.de\/wp-content\/uploads\/2025\/03\/veggiecus-logo-mitrand-2.png","contentUrl":"https:\/\/www.veggiecus.de\/wp-content\/uploads\/2025\/03\/veggiecus-logo-mitrand-2.png","width":751,"height":403,"caption":"VEGGIECUS by Koordination Krafticus GmbH"},"image":{"@id":"https:\/\/www.veggiecus.de\/fr\/#\/schema\/logo\/image\/"},"sameAs":["https:\/\/www.linkedin.com\/company\/veggiecus\/","https:\/\/www.youtube.com\/@veggiecus325"]}]}},"_links":{"self":[{"href":"https:\/\/www.veggiecus.de\/fr\/wp-json\/wp\/v2\/pages\/896","targetHints":{"allow":["GET"]}}],"collection":[{"href":"https:\/\/www.veggiecus.de\/fr\/wp-json\/wp\/v2\/pages"}],"about":[{"href":"https:\/\/www.veggiecus.de\/fr\/wp-json\/wp\/v2\/types\/page"}],"author":[{"embeddable":true,"href":"https:\/\/www.veggiecus.de\/fr\/wp-json\/wp\/v2\/users\/1"}],"replies":[{"embeddable":true,"href":"https:\/\/www.veggiecus.de\/fr\/wp-json\/wp\/v2\/comments?post=896"}],"version-history":[{"count":0,"href":"https:\/\/www.veggiecus.de\/fr\/wp-json\/wp\/v2\/pages\/896\/revisions"}],"wp:attachment":[{"href":"https:\/\/www.veggiecus.de\/fr\/wp-json\/wp\/v2\/media?parent=896"}],"curies":[{"name":"wp","href":"https:\/\/api.w.org\/{rel}","templated":true}]}}